{"id":21588,"date":"2024-03-22T17:03:47","date_gmt":"2024-03-22T16:03:47","guid":{"rendered":"https:\/\/tems-dataspace.eu\/ziele\/"},"modified":"2024-05-19T11:27:14","modified_gmt":"2024-05-19T09:27:14","slug":"ziele","status":"publish","type":"page","link":"https:\/\/tems-dataspace.eu\/de\/ziele\/","title":{"rendered":"ZIELE"},"content":{"rendered":"<p>[et_pb_section fb_built=&#8220;1&#8243; custom_padding_last_edited=&#8220;on|phone&#8220; disabled_on=&#8220;off|off|off&#8220; admin_label=&#8220;Section&#8220; module_id=&#8220;objectives&#8220; _builder_version=&#8220;4.22.2&#8243; _module_preset=&#8220;default&#8220; min_height=&#8220;100vh&#8220; height_tablet=&#8220;100vh&#8220; height_phone=&#8220;100vh&#8220; height_last_edited=&#8220;on|phone&#8220; custom_margin=&#8220;||||false|false&#8220; custom_margin_tablet=&#8220;||180px||false|false&#8220; custom_margin_phone=&#8220;||||false|false&#8220; custom_margin_last_edited=&#8220;on|phone&#8220; custom_padding=&#8220;||9px||false|false&#8220; custom_padding_tablet=&#8220;||||false|false&#8220; custom_padding_phone=&#8220;||100vh||false|false&#8220; da_popup_slug=&#8220;objectives&#8220; da_disable_devices=&#8220;off|off|off&#8220; locked=&#8220;off&#8220; global_colors_info=&#8220;{}&#8220; da_is_popup=&#8220;off&#8220; da_exit_intent=&#8220;off&#8220; da_has_close=&#8220;on&#8220; da_alt_close=&#8220;off&#8220; da_dark_close=&#8220;off&#8220; da_not_modal=&#8220;on&#8220; da_is_singular=&#8220;off&#8220; da_with_loader=&#8220;off&#8220; da_has_shadow=&#8220;on&#8220;][et_pb_row _builder_version=&#8220;4.21.0&#8243; _module_preset=&#8220;default&#8220; max_width=&#8220;920px&#8220; module_alignment=&#8220;center&#8220; global_colors_info=&#8220;{}&#8220;][et_pb_column type=&#8220;4_4&#8243; _builder_version=&#8220;4.21.0&#8243; _module_preset=&#8220;default&#8220; global_colors_info=&#8220;{}&#8220;][et_pb_text _builder_version=&#8220;4.22.2&#8243; _module_preset=&#8220;default&#8220; header_font=&#8220;|700|||||||&#8220; header_text_color=&#8220;#000231&#8243; header_font_size=&#8220;65px&#8220; header_2_font=&#8220;|600|||||||&#8220; header_2_text_color=&#8220;#434466&#8243; header_2_font_size=&#8220;47px&#8220; text_orientation=&#8220;center&#8220; header_font_size_tablet=&#8220;65px&#8220; header_font_size_phone=&#8220;40px&#8220; header_font_size_last_edited=&#8220;on|phone&#8220; header_2_font_size_tablet=&#8220;50px&#8220; header_2_font_size_phone=&#8220;30px&#8220; header_2_font_size_last_edited=&#8220;on|phone&#8220; global_colors_info=&#8220;{}&#8220;]<\/p>\n<h1>ZIELE<\/h1>\n<p>[\/et_pb_text][\/et_pb_column][\/et_pb_row][et_pb_row column_structure=&#8220;1_3,1_3,1_3&#8243; make_equal=&#8220;on&#8220; _builder_version=&#8220;4.22.2&#8243; _module_preset=&#8220;default&#8220; max_width=&#8220;1200px&#8220; custom_padding=&#8220;||8px|||&#8220; global_colors_info=&#8220;{}&#8220;][et_pb_column type=&#8220;1_3&#8243; _builder_version=&#8220;4.22.2&#8243; _module_preset=&#8220;default&#8220; global_colors_info=&#8220;{}&#8220;][et_pb_blurb image=&#8220;https:\/\/tems-dataspace.eu\/wp-content\/uploads\/2023\/11\/automatic.png&#8220; image_icon_width=&#8220;50%&#8220; _builder_version=&#8220;4.22.2&#8243; _module_preset=&#8220;default&#8220; body_text_color=&#8220;#000231&#8243; body_font_size=&#8220;24px&#8220; body_line_height=&#8220;1.3em&#8220; global_colors_info=&#8220;{}&#8220;]<\/p>\n<p>Entwicklung eines sicheren und zuverl\u00e4ssigen Datenraums f\u00fcr Medienunternehmen<\/p>\n<p>[\/et_pb_blurb][\/et_pb_column][et_pb_column type=&#8220;1_3&#8243; _builder_version=&#8220;4.22.2&#8243; _module_preset=&#8220;default&#8220; global_colors_info=&#8220;{}&#8220;][et_pb_blurb image=&#8220;https:\/\/tems-dataspace.eu\/wp-content\/uploads\/2023\/11\/handshake.png&#8220; image_icon_width=&#8220;50%&#8220; _builder_version=&#8220;4.22.2&#8243; _module_preset=&#8220;default&#8220; body_text_color=&#8220;#000231&#8243; body_font_size=&#8220;24px&#8220; body_line_height=&#8220;1.3em&#8220; global_colors_info=&#8220;{}&#8220;]<\/p>\n<p>Beschleunigung der digitalen Transformation und St\u00e4rkung der Wettbewerbsf\u00e4higkeit der europ\u00e4ischen Medienindustrie<\/p>\n<p>[\/et_pb_blurb][\/et_pb_column][et_pb_column type=&#8220;1_3&#8243; _builder_version=&#8220;4.22.2&#8243; _module_preset=&#8220;default&#8220; global_colors_info=&#8220;{}&#8220;][et_pb_blurb image=&#8220;https:\/\/tems-dataspace.eu\/wp-content\/uploads\/2023\/11\/arrow.png&#8220; image_icon_width=&#8220;50%&#8220; _builder_version=&#8220;4.22.2&#8243; _module_preset=&#8220;default&#8220; body_text_color=&#8220;#000231&#8243; body_font_size=&#8220;24px&#8220; body_line_height=&#8220;1.3em&#8220; global_colors_info=&#8220;{}&#8220;]<\/p>\n<p>Erleichterung der Bildung neuer digitaler Allianzen zwischen Medienunternehmen f\u00fcr den Zugang zu Daten und deren Verwaltung<\/p>\n<p>[\/et_pb_blurb][\/et_pb_column][\/et_pb_row][et_pb_row column_structure=&#8220;1_3,1_3,1_3&#8243; make_equal=&#8220;on&#8220; custom_padding_last_edited=&#8220;on|desktop&#8220; _builder_version=&#8220;4.22.2&#8243; _module_preset=&#8220;default&#8220; max_width=&#8220;1200px&#8220; custom_padding=&#8220;10px|||||&#8220; custom_padding_tablet=&#8220;10px|||||&#8220; custom_padding_phone=&#8220;10px||50px||false|false&#8220; global_colors_info=&#8220;{}&#8220;][et_pb_column type=&#8220;1_3&#8243; _builder_version=&#8220;4.22.2&#8243; _module_preset=&#8220;default&#8220; global_colors_info=&#8220;{}&#8220;][et_pb_blurb image=&#8220;https:\/\/tems-dataspace.eu\/wp-content\/uploads\/2023\/11\/approval.png&#8220; image_icon_width=&#8220;50%&#8220; _builder_version=&#8220;4.22.2&#8243; _module_preset=&#8220;default&#8220; body_text_color=&#8220;#000231&#8243; body_font_size=&#8220;24px&#8220; body_line_height=&#8220;1.3em&#8220; global_colors_info=&#8220;{}&#8220;]<\/p>\n<p>Unterst\u00fctzung von Medienunternehmen bei der Bek\u00e4mpfung von Desinformation und bei der Verbesserung ihres Ansatzes zur Publikumsanalyse<\/p>\n<p>[\/et_pb_blurb][\/et_pb_column][et_pb_column type=&#8220;1_3&#8243; _builder_version=&#8220;4.22.2&#8243; _module_preset=&#8220;default&#8220; global_colors_info=&#8220;{}&#8220;][et_pb_blurb image=&#8220;https:\/\/tems-dataspace.eu\/wp-content\/uploads\/2023\/11\/network.png&#8220; image_icon_width=&#8220;50%&#8220; _builder_version=&#8220;4.22.2&#8243; _module_preset=&#8220;default&#8220; body_text_color=&#8220;#000231&#8243; body_font_size=&#8220;24px&#8220; body_line_height=&#8220;1.3em&#8220; global_colors_info=&#8220;{}&#8220;]<\/p>\n<p>Erf\u00fcllung der Verpflichtungen von Medienunternehmen in den Bereichen \u00f6ffentliche Information, Unterhaltung und Bildung<\/p>\n<p>[\/et_pb_blurb][\/et_pb_column][et_pb_column type=&#8220;1_3&#8243; _builder_version=&#8220;4.22.2&#8243; _module_preset=&#8220;default&#8220; global_colors_info=&#8220;{}&#8220;][et_pb_blurb image=&#8220;https:\/\/tems-dataspace.eu\/wp-content\/uploads\/2023\/11\/accept.png&#8220; image_icon_width=&#8220;50%&#8220; _builder_version=&#8220;4.22.2&#8243; _module_preset=&#8220;default&#8220; body_text_color=&#8220;#000231&#8243; body_font_size=&#8220;24px&#8220; body_line_height=&#8220;1.3em&#8220; global_colors_info=&#8220;{}&#8220;]<\/p>\n<p>Unterst\u00fctzung der Einf\u00fchrung von KI- und Virtual-Reality-Technologien<\/p>\n<p>[\/et_pb_blurb][\/et_pb_column][\/et_pb_row][\/et_pb_section][et_pb_section fb_built=&#8220;1&#8243; admin_label=&#8220;Popup &#8211; #registration_manuf&#8220; module_id=&#8220;registration_manuf&#8220; module_class=&#8220;popup&#8220; _builder_version=&#8220;4.21.0&#8243; _module_preset=&#8220;default&#8220; background_color=&#8220;#f1f1f4&#8243; custom_margin=&#8220;|||0px||&#8220; da_is_popup=&#8220;on&#8220; da_popup_slug=&#8220;registration_manuf&#8220; da_disable_devices=&#8220;off|off|off&#8220; global_colors_info=&#8220;{}&#8220; da_exit_intent=&#8220;off&#8220; da_has_close=&#8220;on&#8220; da_alt_close=&#8220;off&#8220; da_dark_close=&#8220;off&#8220; da_not_modal=&#8220;on&#8220; da_is_singular=&#8220;off&#8220; da_with_loader=&#8220;off&#8220; da_has_shadow=&#8220;on&#8220;][et_pb_row _builder_version=&#8220;4.21.0&#8243; _module_preset=&#8220;default&#8220; max_width=&#8220;920px&#8220; module_alignment=&#8220;center&#8220; global_colors_info=&#8220;{}&#8220;][et_pb_column type=&#8220;4_4&#8243; _builder_version=&#8220;4.21.0&#8243; _module_preset=&#8220;default&#8220; global_colors_info=&#8220;{}&#8220;][et_pb_text _builder_version=&#8220;4.21.0&#8243; _module_preset=&#8220;default&#8220; header_2_font=&#8220;|600|||||||&#8220; header_2_text_color=&#8220;#434466&#8243; header_2_font_size=&#8220;47px&#8220; text_orientation=&#8220;center&#8220; header_2_font_size_tablet=&#8220;50px&#8220; header_2_font_size_phone=&#8220;30px&#8220; header_2_font_size_last_edited=&#8220;on|phone&#8220; global_colors_info=&#8220;{}&#8220;]<\/p>\n<h2>Anmeldeformular<\/h2>\n<p>[\/et_pb_text][et_pb_text module_id=&#8220;form_event&#8220; _builder_version=&#8220;4.21.0&#8243; _module_preset=&#8220;default&#8220; width=&#8220;90%&#8220; module_alignment=&#8220;center&#8220; global_colors_info=&#8220;{}&#8220;]<\/p>\n\n<div class=\"wpcf7 no-js\" id=\"wpcf7-f17832-o1\" lang=\"en-US\" dir=\"ltr\">\n<div class=\"screen-reader-response\"><p role=\"status\" aria-live=\"polite\" aria-atomic=\"true\"><\/p> <ul><\/ul><\/div>\n<form action=\"\/de\/wp-json\/wp\/v2\/pages\/21588#wpcf7-f17832-o1\" method=\"post\" class=\"wpcf7-form init\" aria-label=\"Contact form\" novalidate=\"novalidate\" data-status=\"init\">\n<div style=\"display: none;\">\n<input type=\"hidden\" name=\"_wpcf7\" value=\"17832\" \/>\n<input type=\"hidden\" name=\"_wpcf7_version\" value=\"5.9.3\" \/>\n<input type=\"hidden\" name=\"_wpcf7_locale\" value=\"en_US\" \/>\n<input type=\"hidden\" name=\"_wpcf7_unit_tag\" value=\"wpcf7-f17832-o1\" \/>\n<input type=\"hidden\" name=\"_wpcf7_container_post\" value=\"0\" \/>\n<input type=\"hidden\" name=\"_wpcf7_posted_data_hash\" value=\"\" \/>\n<input type=\"hidden\" name=\"_wpcf7_recaptcha_response\" value=\"\" \/>\n<\/div>\n<p><label> Full name<br \/>\n<span class=\"wpcf7-form-control-wrap\" data-name=\"your-name\"><input size=\"40\" class=\"wpcf7-form-control wpcf7-text wpcf7-validates-as-required\" autocomplete=\"name\" aria-required=\"true\" aria-invalid=\"false\" value=\"\" type=\"text\" name=\"your-name\" \/><\/span> <\/label>\n<\/p>\n<p><label> Email<br \/>\n<span class=\"wpcf7-form-control-wrap\" data-name=\"your-email\"><input size=\"40\" class=\"wpcf7-form-control wpcf7-email wpcf7-validates-as-required wpcf7-text wpcf7-validates-as-email\" autocomplete=\"email\" aria-required=\"true\" aria-invalid=\"false\" value=\"\" type=\"email\" name=\"your-email\" \/><\/span> <\/label>\n<\/p>\n<p><label> Phone number<br \/>\n<span class=\"wpcf7-form-control-wrap\" data-name=\"tel-819\"><input size=\"40\" class=\"wpcf7-form-control wpcf7-tel wpcf7-text wpcf7-validates-as-tel\" autocomplete=\"phone\" aria-invalid=\"false\" value=\"\" type=\"tel\" name=\"tel-819\" \/><\/span> <\/label>\n<\/p>\n<p><label> Company<br \/>\n<span class=\"wpcf7-form-control-wrap\" data-name=\"text-company\"><input size=\"40\" class=\"wpcf7-form-control wpcf7-text wpcf7-validates-as-required\" autocomplete=\"name\" aria-required=\"true\" aria-invalid=\"false\" value=\"\" type=\"text\" name=\"text-company\" \/><\/span> <\/label>\n<\/p>\n<p><label> Food restrictions<br \/>\n<span class=\"wpcf7-form-control-wrap\" data-name=\"text-food\"><input size=\"40\" class=\"wpcf7-form-control wpcf7-text\" autocomplete=\"name\" aria-invalid=\"false\" value=\"\" type=\"text\" name=\"text-food\" \/><\/span> <\/label>\n<\/p>\n<p><span class=\"wpcf7-form-control-wrap\" data-name=\"acceptance-465\"><span class=\"wpcf7-form-control wpcf7-acceptance\"><span class=\"wpcf7-list-item\"><input type=\"checkbox\" name=\"acceptance-465\" value=\"1\" aria-invalid=\"false\" \/><\/span><\/span><\/span> I have read and accept the privacy policy\n<\/p>\n<p><input class=\"wpcf7-form-control wpcf7-submit has-spinner\" type=\"submit\" value=\"Send\" \/>\n<\/p><div class=\"wpcf7-response-output\" aria-hidden=\"true\"><\/div>\n<\/form>\n<\/div>\n\n<p>[\/et_pb_text][\/et_pb_column][\/et_pb_row][\/et_pb_section]<\/p>\n","protected":false},"excerpt":{"rendered":"<p>ZIELEEntwicklung eines sicheren und zuverl\u00e4ssigen Datenraums f\u00fcr MedienunternehmenBeschleunigung der digitalen Transformation und St\u00e4rkung der Wettbewerbsf\u00e4higkeit der europ\u00e4ischen MedienindustrieErleichterung der Bildung neuer digitaler Allianzen zwischen Medienunternehmen f\u00fcr den Zugang zu Daten und deren VerwaltungUnterst\u00fctzung von Medienunternehmen bei der Bek\u00e4mpfung von Desinformation und bei der Verbesserung ihres Ansatzes zur PublikumsanalyseErf\u00fcllung der Verpflichtungen von Medienunternehmen in den Bereichen [&hellip;]<\/p>\n","protected":false},"author":1,"featured_media":0,"parent":0,"menu_order":0,"comment_status":"closed","ping_status":"closed","template":"","meta":{"_et_pb_use_builder":"on","_et_pb_old_content":"","_et_gb_content_width":"","footnotes":""},"yoast_head":"<!-- This site is optimized with the Yoast SEO plugin v22.5 - https:\/\/yoast.com\/wordpress\/plugins\/seo\/ -->\n<title>ZIELE - Tems<\/title>\n<meta name=\"robots\" content=\"index, follow, max-snippet:-1, max-image-preview:large, max-video-preview:-1\" \/>\n<link rel=\"canonical\" href=\"https:\/\/tems-dataspace.eu\/de\/ziele\/\" \/>\n<meta property=\"og:locale\" content=\"de_DE\" \/>\n<meta property=\"og:type\" content=\"article\" \/>\n<meta property=\"og:title\" content=\"ZIELE - Tems\" \/>\n<meta property=\"og:description\" content=\"ZIELEEntwicklung eines sicheren und zuverl\u00e4ssigen Datenraums f\u00fcr MedienunternehmenBeschleunigung der digitalen Transformation und St\u00e4rkung der Wettbewerbsf\u00e4higkeit der europ\u00e4ischen MedienindustrieErleichterung der Bildung neuer digitaler Allianzen zwischen Medienunternehmen f\u00fcr den Zugang zu Daten und deren VerwaltungUnterst\u00fctzung von Medienunternehmen bei der Bek\u00e4mpfung von Desinformation und bei der Verbesserung ihres Ansatzes zur PublikumsanalyseErf\u00fcllung der Verpflichtungen von Medienunternehmen in den Bereichen [&hellip;]\" \/>\n<meta property=\"og:url\" content=\"https:\/\/tems-dataspace.eu\/de\/ziele\/\" \/>\n<meta property=\"og:site_name\" content=\"Tems\" \/>\n<meta property=\"article:modified_time\" content=\"2024-05-19T09:27:14+00:00\" \/>\n<meta name=\"twitter:card\" content=\"summary_large_image\" \/>\n<meta name=\"twitter:site\" content=\"@tems_eu\" \/>\n<meta name=\"twitter:label1\" content=\"Est. reading time\" \/>\n\t<meta name=\"twitter:data1\" content=\"4 Minuten\" \/>\n<script type=\"application\/ld+json\" class=\"yoast-schema-graph\">{\"@context\":\"https:\/\/schema.org\",\"@graph\":[{\"@type\":\"WebPage\",\"@id\":\"https:\/\/tems-dataspace.eu\/de\/ziele\/\",\"url\":\"https:\/\/tems-dataspace.eu\/de\/ziele\/\",\"name\":\"ZIELE - Tems\",\"isPartOf\":{\"@id\":\"https:\/\/tems-dataspace.eu\/de\/#website\"},\"datePublished\":\"2024-03-22T16:03:47+00:00\",\"dateModified\":\"2024-05-19T09:27:14+00:00\",\"breadcrumb\":{\"@id\":\"https:\/\/tems-dataspace.eu\/de\/ziele\/#breadcrumb\"},\"inLanguage\":\"de-DE\",\"potentialAction\":[{\"@type\":\"ReadAction\",\"target\":[\"https:\/\/tems-dataspace.eu\/de\/ziele\/\"]}]},{\"@type\":\"BreadcrumbList\",\"@id\":\"https:\/\/tems-dataspace.eu\/de\/ziele\/#breadcrumb\",\"itemListElement\":[{\"@type\":\"ListItem\",\"position\":1,\"name\":\"Portada\",\"item\":\"https:\/\/tems-dataspace.eu\/de\/\"},{\"@type\":\"ListItem\",\"position\":2,\"name\":\"ZIELE\"}]},{\"@type\":\"WebSite\",\"@id\":\"https:\/\/tems-dataspace.eu\/de\/#website\",\"url\":\"https:\/\/tems-dataspace.eu\/de\/\",\"name\":\"Tems\",\"description\":\"Trusted European Media Data Space\",\"publisher\":{\"@id\":\"https:\/\/tems-dataspace.eu\/de\/#organization\"},\"potentialAction\":[{\"@type\":\"SearchAction\",\"target\":{\"@type\":\"EntryPoint\",\"urlTemplate\":\"https:\/\/tems-dataspace.eu\/de\/?s={search_term_string}\"},\"query-input\":\"required name=search_term_string\"}],\"inLanguage\":\"de-DE\"},{\"@type\":\"Organization\",\"@id\":\"https:\/\/tems-dataspace.eu\/de\/#organization\",\"name\":\"Tems\",\"url\":\"https:\/\/tems-dataspace.eu\/de\/\",\"logo\":{\"@type\":\"ImageObject\",\"inLanguage\":\"de-DE\",\"@id\":\"https:\/\/tems-dataspace.eu\/de\/#\/schema\/logo\/image\/\",\"url\":\"https:\/\/tems-dataspace.eu\/wp-content\/uploads\/2023\/10\/TEMS-LOGO-04.png\",\"contentUrl\":\"https:\/\/tems-dataspace.eu\/wp-content\/uploads\/2023\/10\/TEMS-LOGO-04.png\",\"width\":778,\"height\":309,\"caption\":\"Tems\"},\"image\":{\"@id\":\"https:\/\/tems-dataspace.eu\/de\/#\/schema\/logo\/image\/\"},\"sameAs\":[\"https:\/\/x.com\/tems_eu\",\"https:\/\/www.linkedin.com\/company\/tems-eu\"]}]}<\/script>\n<!-- \/ Yoast SEO plugin. -->","yoast_head_json":{"title":"ZIELE - Tems","robots":{"index":"index","follow":"follow","max-snippet":"max-snippet:-1","max-image-preview":"max-image-preview:large","max-video-preview":"max-video-preview:-1"},"canonical":"https:\/\/tems-dataspace.eu\/de\/ziele\/","og_locale":"de_DE","og_type":"article","og_title":"ZIELE - Tems","og_description":"ZIELEEntwicklung eines sicheren und zuverl\u00e4ssigen Datenraums f\u00fcr MedienunternehmenBeschleunigung der digitalen Transformation und St\u00e4rkung der Wettbewerbsf\u00e4higkeit der europ\u00e4ischen MedienindustrieErleichterung der Bildung neuer digitaler Allianzen zwischen Medienunternehmen f\u00fcr den Zugang zu Daten und deren VerwaltungUnterst\u00fctzung von Medienunternehmen bei der Bek\u00e4mpfung von Desinformation und bei der Verbesserung ihres Ansatzes zur PublikumsanalyseErf\u00fcllung der Verpflichtungen von Medienunternehmen in den Bereichen [&hellip;]","og_url":"https:\/\/tems-dataspace.eu\/de\/ziele\/","og_site_name":"Tems","article_modified_time":"2024-05-19T09:27:14+00:00","twitter_card":"summary_large_image","twitter_site":"@tems_eu","twitter_misc":{"Est. reading time":"4 Minuten"},"schema":{"@context":"https:\/\/schema.org","@graph":[{"@type":"WebPage","@id":"https:\/\/tems-dataspace.eu\/de\/ziele\/","url":"https:\/\/tems-dataspace.eu\/de\/ziele\/","name":"ZIELE - Tems","isPartOf":{"@id":"https:\/\/tems-dataspace.eu\/de\/#website"},"datePublished":"2024-03-22T16:03:47+00:00","dateModified":"2024-05-19T09:27:14+00:00","breadcrumb":{"@id":"https:\/\/tems-dataspace.eu\/de\/ziele\/#breadcrumb"},"inLanguage":"de-DE","potentialAction":[{"@type":"ReadAction","target":["https:\/\/tems-dataspace.eu\/de\/ziele\/"]}]},{"@type":"BreadcrumbList","@id":"https:\/\/tems-dataspace.eu\/de\/ziele\/#breadcrumb","itemListElement":[{"@type":"ListItem","position":1,"name":"Portada","item":"https:\/\/tems-dataspace.eu\/de\/"},{"@type":"ListItem","position":2,"name":"ZIELE"}]},{"@type":"WebSite","@id":"https:\/\/tems-dataspace.eu\/de\/#website","url":"https:\/\/tems-dataspace.eu\/de\/","name":"Tems","description":"Trusted European Media Data Space","publisher":{"@id":"https:\/\/tems-dataspace.eu\/de\/#organization"},"potentialAction":[{"@type":"SearchAction","target":{"@type":"EntryPoint","urlTemplate":"https:\/\/tems-dataspace.eu\/de\/?s={search_term_string}"},"query-input":"required name=search_term_string"}],"inLanguage":"de-DE"},{"@type":"Organization","@id":"https:\/\/tems-dataspace.eu\/de\/#organization","name":"Tems","url":"https:\/\/tems-dataspace.eu\/de\/","logo":{"@type":"ImageObject","inLanguage":"de-DE","@id":"https:\/\/tems-dataspace.eu\/de\/#\/schema\/logo\/image\/","url":"https:\/\/tems-dataspace.eu\/wp-content\/uploads\/2023\/10\/TEMS-LOGO-04.png","contentUrl":"https:\/\/tems-dataspace.eu\/wp-content\/uploads\/2023\/10\/TEMS-LOGO-04.png","width":778,"height":309,"caption":"Tems"},"image":{"@id":"https:\/\/tems-dataspace.eu\/de\/#\/schema\/logo\/image\/"},"sameAs":["https:\/\/x.com\/tems_eu","https:\/\/www.linkedin.com\/company\/tems-eu"]}]}},"_links":{"self":[{"href":"https:\/\/tems-dataspace.eu\/de\/wp-json\/wp\/v2\/pages\/21588"}],"collection":[{"href":"https:\/\/tems-dataspace.eu\/de\/wp-json\/wp\/v2\/pages"}],"about":[{"href":"https:\/\/tems-dataspace.eu\/de\/wp-json\/wp\/v2\/types\/page"}],"author":[{"embeddable":true,"href":"https:\/\/tems-dataspace.eu\/de\/wp-json\/wp\/v2\/users\/1"}],"replies":[{"embeddable":true,"href":"https:\/\/tems-dataspace.eu\/de\/wp-json\/wp\/v2\/comments?post=21588"}],"version-history":[{"count":2,"href":"https:\/\/tems-dataspace.eu\/de\/wp-json\/wp\/v2\/pages\/21588\/revisions"}],"predecessor-version":[{"id":21590,"href":"https:\/\/tems-dataspace.eu\/de\/wp-json\/wp\/v2\/pages\/21588\/revisions\/21590"}],"wp:attachment":[{"href":"https:\/\/tems-dataspace.eu\/de\/wp-json\/wp\/v2\/media?parent=21588"}],"curies":[{"name":"wp","href":"https:\/\/api.w.org\/{rel}","templated":true}]}}