{"id":21522,"date":"2024-03-22T17:03:47","date_gmt":"2024-03-22T16:03:47","guid":{"rendered":"https:\/\/tems-dataspace.eu\/objetivos\/"},"modified":"2024-05-18T13:33:36","modified_gmt":"2024-05-18T11:33:36","slug":"objetivos","status":"publish","type":"page","link":"https:\/\/tems-dataspace.eu\/es\/objetivos\/","title":{"rendered":"OBJETIVOS"},"content":{"rendered":"<p>[et_pb_section fb_built=\u00bb1&#8243; custom_padding_last_edited=\u00bbon|phone\u00bb disabled_on=\u00bboff|off|off\u00bb admin_label=\u00bbSection\u00bb module_id=\u00bbobjectives\u00bb _builder_version=\u00bb4.22.2&#8243; _module_preset=\u00bbdefault\u00bb min_height=\u00bb100vh\u00bb height_tablet=\u00bb100vh\u00bb height_phone=\u00bb100vh\u00bb height_last_edited=\u00bbon|phone\u00bb custom_margin=\u00bb||||false|false\u00bb custom_margin_tablet=\u00bb||180px||false|false\u00bb custom_margin_phone=\u00bb||||false|false\u00bb custom_margin_last_edited=\u00bbon|phone\u00bb custom_padding=\u00bb||9px||false|false\u00bb custom_padding_tablet=\u00bb||||false|false\u00bb custom_padding_phone=\u00bb||100vh||false|false\u00bb da_popup_slug=\u00bbobjectives\u00bb da_disable_devices=\u00bboff|off|off\u00bb locked=\u00bboff\u00bb global_colors_info=\u00bb{}\u00bb da_is_popup=\u00bboff\u00bb da_exit_intent=\u00bboff\u00bb da_has_close=\u00bbon\u00bb da_alt_close=\u00bboff\u00bb da_dark_close=\u00bboff\u00bb da_not_modal=\u00bbon\u00bb da_is_singular=\u00bboff\u00bb da_with_loader=\u00bboff\u00bb da_has_shadow=\u00bbon\u00bb][et_pb_row _builder_version=\u00bb4.21.0&#8243; _module_preset=\u00bbdefault\u00bb max_width=\u00bb920px\u00bb module_alignment=\u00bbcenter\u00bb global_colors_info=\u00bb{}\u00bb][et_pb_column type=\u00bb4_4&#8243; _builder_version=\u00bb4.21.0&#8243; _module_preset=\u00bbdefault\u00bb global_colors_info=\u00bb{}\u00bb][et_pb_text _builder_version=\u00bb4.22.2&#8243; _module_preset=\u00bbdefault\u00bb header_font=\u00bb|700|||||||\u00bb header_text_color=\u00bb#000231&#8243; header_font_size=\u00bb65px\u00bb header_2_font=\u00bb|600|||||||\u00bb header_2_text_color=\u00bb#434466&#8243; header_2_font_size=\u00bb47px\u00bb text_orientation=\u00bbcenter\u00bb header_font_size_tablet=\u00bb65px\u00bb header_font_size_phone=\u00bb40px\u00bb header_font_size_last_edited=\u00bbon|phone\u00bb header_2_font_size_tablet=\u00bb50px\u00bb header_2_font_size_phone=\u00bb30px\u00bb header_2_font_size_last_edited=\u00bbon|phone\u00bb global_colors_info=\u00bb{}\u00bb]<\/p>\n<h1>OBJETIVOS<\/h1>\n<p>[\/et_pb_text][\/et_pb_column][\/et_pb_row][et_pb_row column_structure=\u00bb1_3,1_3,1_3&#8243; make_equal=\u00bbon\u00bb _builder_version=\u00bb4.22.2&#8243; _module_preset=\u00bbdefault\u00bb max_width=\u00bb1200px\u00bb custom_padding=\u00bb||8px|||\u00bb global_colors_info=\u00bb{}\u00bb][et_pb_column type=\u00bb1_3&#8243; _builder_version=\u00bb4.22.2&#8243; _module_preset=\u00bbdefault\u00bb global_colors_info=\u00bb{}\u00bb][et_pb_blurb image=\u00bbhttps:\/\/tems-dataspace.eu\/wp-content\/uploads\/2023\/11\/automatic.png\u00bb image_icon_width=\u00bb50%\u00bb _builder_version=\u00bb4.22.2&#8243; _module_preset=\u00bbdefault\u00bb body_text_color=\u00bb#000231&#8243; body_font_size=\u00bb24px\u00bb body_line_height=\u00bb1.3em\u00bb global_colors_info=\u00bb{}\u00bb]<\/p>\n<p>Desarrollar un espacio de datos seguro y fiable para las empresas de medios de comunicaci\u00f3n.<\/p>\n<p>[\/et_pb_blurb][\/et_pb_column][et_pb_column type=\u00bb1_3&#8243; _builder_version=\u00bb4.22.2&#8243; _module_preset=\u00bbdefault\u00bb global_colors_info=\u00bb{}\u00bb][et_pb_blurb image=\u00bbhttps:\/\/tems-dataspace.eu\/wp-content\/uploads\/2023\/11\/handshake.png\u00bb image_icon_width=\u00bb50%\u00bb _builder_version=\u00bb4.22.2&#8243; _module_preset=\u00bbdefault\u00bb body_text_color=\u00bb#000231&#8243; body_font_size=\u00bb24px\u00bb body_line_height=\u00bb1.3em\u00bb global_colors_info=\u00bb{}\u00bb]<\/p>\n<p>Acelerar la transformaci\u00f3n digital e impulsar la competitividad de la industria europea de los medios de comunicaci\u00f3n.<\/p>\n<p>[\/et_pb_blurb][\/et_pb_column][et_pb_column type=\u00bb1_3&#8243; _builder_version=\u00bb4.22.2&#8243; _module_preset=\u00bbdefault\u00bb global_colors_info=\u00bb{}\u00bb][et_pb_blurb image=\u00bbhttps:\/\/tems-dataspace.eu\/wp-content\/uploads\/2023\/11\/arrow.png\u00bb image_icon_width=\u00bb50%\u00bb _builder_version=\u00bb4.22.2&#8243; _module_preset=\u00bbdefault\u00bb body_text_color=\u00bb#000231&#8243; body_font_size=\u00bb24px\u00bb body_line_height=\u00bb1.3em\u00bb global_colors_info=\u00bb{}\u00bb]<\/p>\n<p>Facilitar el establecimiento de nuevas alianzas digitales entre empresas de medios de comunicaci\u00f3n para acceder a los datos y gestionarlos.<\/p>\n<p>[\/et_pb_blurb][\/et_pb_column][\/et_pb_row][et_pb_row column_structure=\u00bb1_3,1_3,1_3&#8243; make_equal=\u00bbon\u00bb custom_padding_last_edited=\u00bbon|desktop\u00bb _builder_version=\u00bb4.22.2&#8243; _module_preset=\u00bbdefault\u00bb max_width=\u00bb1200px\u00bb custom_padding=\u00bb10px|||||\u00bb custom_padding_tablet=\u00bb10px|||||\u00bb custom_padding_phone=\u00bb10px||50px||false|false\u00bb global_colors_info=\u00bb{}\u00bb][et_pb_column type=\u00bb1_3&#8243; _builder_version=\u00bb4.22.2&#8243; _module_preset=\u00bbdefault\u00bb global_colors_info=\u00bb{}\u00bb][et_pb_blurb image=\u00bbhttps:\/\/tems-dataspace.eu\/wp-content\/uploads\/2023\/11\/approval.png\u00bb image_icon_width=\u00bb50%\u00bb _builder_version=\u00bb4.22.2&#8243; _module_preset=\u00bbdefault\u00bb body_text_color=\u00bb#000231&#8243; body_font_size=\u00bb24px\u00bb body_line_height=\u00bb1.3em\u00bb global_colors_info=\u00bb{}\u00bb]<\/p>\n<p>Ayudar a las empresas de medios de comunicaci\u00f3n a luchar contra la desinformaci\u00f3n y mejorar su enfoque de an\u00e1lisis de audiencias.<\/p>\n<p>[\/et_pb_blurb][\/et_pb_column][et_pb_column type=\u00bb1_3&#8243; _builder_version=\u00bb4.22.2&#8243; _module_preset=\u00bbdefault\u00bb global_colors_info=\u00bb{}\u00bb][et_pb_blurb image=\u00bbhttps:\/\/tems-dataspace.eu\/wp-content\/uploads\/2023\/11\/network.png\u00bb image_icon_width=\u00bb50%\u00bb _builder_version=\u00bb4.22.2&#8243; _module_preset=\u00bbdefault\u00bb body_text_color=\u00bb#000231&#8243; body_font_size=\u00bb24px\u00bb body_line_height=\u00bb1.3em\u00bb global_colors_info=\u00bb{}\u00bb]<\/p>\n<p>Cumplir con las obligaciones de las empresas de medios de comunicaci\u00f3n en materia de informaci\u00f3n p\u00fablica, entretenimiento y educaci\u00f3n.<\/p>\n<p>[\/et_pb_blurb][\/et_pb_column][et_pb_column type=\u00bb1_3&#8243; _builder_version=\u00bb4.22.2&#8243; _module_preset=\u00bbdefault\u00bb global_colors_info=\u00bb{}\u00bb][et_pb_blurb image=\u00bbhttps:\/\/tems-dataspace.eu\/wp-content\/uploads\/2023\/11\/accept.png\u00bb image_icon_width=\u00bb50%\u00bb _builder_version=\u00bb4.22.2&#8243; _module_preset=\u00bbdefault\u00bb body_text_color=\u00bb#000231&#8243; body_font_size=\u00bb24px\u00bb body_line_height=\u00bb1.3em\u00bb global_colors_info=\u00bb{}\u00bb]<\/p>\n<p>Apoyar la adopci\u00f3n de tecnolog\u00edas de IA y Realidad Virtual.<\/p>\n<p>[\/et_pb_blurb][\/et_pb_column][\/et_pb_row][\/et_pb_section][et_pb_section fb_built=\u00bb1&#8243; admin_label=\u00bbPopup &#8211; #registration_manuf\u00bb module_id=\u00bbregistration_manuf\u00bb module_class=\u00bbpopup\u00bb _builder_version=\u00bb4.21.0&#8243; _module_preset=\u00bbdefault\u00bb background_color=\u00bb#f1f1f4&#8243; custom_margin=\u00bb|||0px||\u00bb da_is_popup=\u00bbon\u00bb da_popup_slug=\u00bbregistration_manuf\u00bb da_disable_devices=\u00bboff|off|off\u00bb global_colors_info=\u00bb{}\u00bb da_exit_intent=\u00bboff\u00bb da_has_close=\u00bbon\u00bb da_alt_close=\u00bboff\u00bb da_dark_close=\u00bboff\u00bb da_not_modal=\u00bbon\u00bb da_is_singular=\u00bboff\u00bb da_with_loader=\u00bboff\u00bb da_has_shadow=\u00bbon\u00bb][et_pb_row _builder_version=\u00bb4.21.0&#8243; _module_preset=\u00bbdefault\u00bb max_width=\u00bb920px\u00bb module_alignment=\u00bbcenter\u00bb global_colors_info=\u00bb{}\u00bb][et_pb_column type=\u00bb4_4&#8243; _builder_version=\u00bb4.21.0&#8243; _module_preset=\u00bbdefault\u00bb global_colors_info=\u00bb{}\u00bb][et_pb_text _builder_version=\u00bb4.21.0&#8243; _module_preset=\u00bbdefault\u00bb header_2_font=\u00bb|600|||||||\u00bb header_2_text_color=\u00bb#434466&#8243; header_2_font_size=\u00bb47px\u00bb text_orientation=\u00bbcenter\u00bb header_2_font_size_tablet=\u00bb50px\u00bb header_2_font_size_phone=\u00bb30px\u00bb header_2_font_size_last_edited=\u00bbon|phone\u00bb global_colors_info=\u00bb{}\u00bb]<\/p>\n<h2>Formulario de registro<\/h2>\n<p>[\/et_pb_text][et_pb_text module_id=\u00bbform_event\u00bb _builder_version=\u00bb4.21.0&#8243; _module_preset=\u00bbdefault\u00bb width=\u00bb90%\u00bb module_alignment=\u00bbcenter\u00bb global_colors_info=\u00bb{}\u00bb]<\/p>\n\n<div class=\"wpcf7 no-js\" id=\"wpcf7-f17832-o1\" lang=\"en-US\" dir=\"ltr\">\n<div class=\"screen-reader-response\"><p role=\"status\" aria-live=\"polite\" aria-atomic=\"true\"><\/p> <ul><\/ul><\/div>\n<form action=\"\/es\/wp-json\/wp\/v2\/pages\/21522#wpcf7-f17832-o1\" method=\"post\" class=\"wpcf7-form init\" aria-label=\"Contact form\" novalidate=\"novalidate\" data-status=\"init\">\n<div style=\"display: none;\">\n<input type=\"hidden\" name=\"_wpcf7\" value=\"17832\" \/>\n<input type=\"hidden\" name=\"_wpcf7_version\" value=\"5.9.3\" \/>\n<input type=\"hidden\" name=\"_wpcf7_locale\" value=\"en_US\" \/>\n<input type=\"hidden\" name=\"_wpcf7_unit_tag\" value=\"wpcf7-f17832-o1\" \/>\n<input type=\"hidden\" name=\"_wpcf7_container_post\" value=\"0\" \/>\n<input type=\"hidden\" name=\"_wpcf7_posted_data_hash\" value=\"\" \/>\n<input type=\"hidden\" name=\"_wpcf7_recaptcha_response\" value=\"\" \/>\n<\/div>\n<p><label> Full name<br \/>\n<span class=\"wpcf7-form-control-wrap\" data-name=\"your-name\"><input size=\"40\" class=\"wpcf7-form-control wpcf7-text wpcf7-validates-as-required\" autocomplete=\"name\" aria-required=\"true\" aria-invalid=\"false\" value=\"\" type=\"text\" name=\"your-name\" \/><\/span> <\/label>\n<\/p>\n<p><label> Email<br \/>\n<span class=\"wpcf7-form-control-wrap\" data-name=\"your-email\"><input size=\"40\" class=\"wpcf7-form-control wpcf7-email wpcf7-validates-as-required wpcf7-text wpcf7-validates-as-email\" autocomplete=\"email\" aria-required=\"true\" aria-invalid=\"false\" value=\"\" type=\"email\" name=\"your-email\" \/><\/span> <\/label>\n<\/p>\n<p><label> Phone number<br \/>\n<span class=\"wpcf7-form-control-wrap\" data-name=\"tel-819\"><input size=\"40\" class=\"wpcf7-form-control wpcf7-tel wpcf7-text wpcf7-validates-as-tel\" autocomplete=\"phone\" aria-invalid=\"false\" value=\"\" type=\"tel\" name=\"tel-819\" \/><\/span> <\/label>\n<\/p>\n<p><label> Company<br \/>\n<span class=\"wpcf7-form-control-wrap\" data-name=\"text-company\"><input size=\"40\" class=\"wpcf7-form-control wpcf7-text wpcf7-validates-as-required\" autocomplete=\"name\" aria-required=\"true\" aria-invalid=\"false\" value=\"\" type=\"text\" name=\"text-company\" \/><\/span> <\/label>\n<\/p>\n<p><label> Food restrictions<br \/>\n<span class=\"wpcf7-form-control-wrap\" data-name=\"text-food\"><input size=\"40\" class=\"wpcf7-form-control wpcf7-text\" autocomplete=\"name\" aria-invalid=\"false\" value=\"\" type=\"text\" name=\"text-food\" \/><\/span> <\/label>\n<\/p>\n<p><span class=\"wpcf7-form-control-wrap\" data-name=\"acceptance-465\"><span class=\"wpcf7-form-control wpcf7-acceptance\"><span class=\"wpcf7-list-item\"><input type=\"checkbox\" name=\"acceptance-465\" value=\"1\" aria-invalid=\"false\" \/><\/span><\/span><\/span> I have read and accept the privacy policy\n<\/p>\n<p><input class=\"wpcf7-form-control wpcf7-submit has-spinner\" type=\"submit\" value=\"Send\" \/>\n<\/p><div class=\"wpcf7-response-output\" aria-hidden=\"true\"><\/div>\n<\/form>\n<\/div>\n\n<p>[\/et_pb_text][\/et_pb_column][\/et_pb_row][\/et_pb_section]<\/p>\n","protected":false},"excerpt":{"rendered":"<p>OBJETIVOSDesarrollar un espacio de datos seguro y fiable para las empresas de medios de comunicaci\u00f3n.Acelerar la transformaci\u00f3n digital e impulsar la competitividad de la industria europea de los medios de comunicaci\u00f3n.Facilitar el establecimiento de nuevas alianzas digitales entre empresas de medios de comunicaci\u00f3n para acceder a los datos y gestionarlos.Ayudar a las empresas de medios [&hellip;]<\/p>\n","protected":false},"author":1,"featured_media":0,"parent":0,"menu_order":0,"comment_status":"closed","ping_status":"closed","template":"","meta":{"_et_pb_use_builder":"on","_et_pb_old_content":"","_et_gb_content_width":"","footnotes":""},"yoast_head":"<!-- This site is optimized with the Yoast SEO plugin v22.5 - https:\/\/yoast.com\/wordpress\/plugins\/seo\/ -->\n<title>OBJETIVOS - Tems<\/title>\n<meta name=\"robots\" content=\"index, follow, max-snippet:-1, max-image-preview:large, max-video-preview:-1\" \/>\n<link rel=\"canonical\" href=\"https:\/\/tems-dataspace.eu\/es\/objetivos\/\" \/>\n<meta property=\"og:locale\" content=\"es_ES\" \/>\n<meta property=\"og:type\" content=\"article\" \/>\n<meta property=\"og:title\" content=\"OBJETIVOS - Tems\" \/>\n<meta property=\"og:description\" content=\"OBJETIVOSDesarrollar un espacio de datos seguro y fiable para las empresas de medios de comunicaci\u00f3n.Acelerar la transformaci\u00f3n digital e impulsar la competitividad de la industria europea de los medios de comunicaci\u00f3n.Facilitar el establecimiento de nuevas alianzas digitales entre empresas de medios de comunicaci\u00f3n para acceder a los datos y gestionarlos.Ayudar a las empresas de medios [&hellip;]\" \/>\n<meta property=\"og:url\" content=\"https:\/\/tems-dataspace.eu\/es\/objetivos\/\" \/>\n<meta property=\"og:site_name\" content=\"Tems\" \/>\n<meta property=\"article:modified_time\" content=\"2024-05-18T11:33:36+00:00\" \/>\n<meta name=\"twitter:card\" content=\"summary_large_image\" \/>\n<meta name=\"twitter:site\" content=\"@tems_eu\" \/>\n<meta name=\"twitter:label1\" content=\"Tiempo de lectura\" \/>\n\t<meta name=\"twitter:data1\" content=\"5 minutos\" \/>\n<script type=\"application\/ld+json\" class=\"yoast-schema-graph\">{\"@context\":\"https:\/\/schema.org\",\"@graph\":[{\"@type\":\"WebPage\",\"@id\":\"https:\/\/tems-dataspace.eu\/es\/objetivos\/\",\"url\":\"https:\/\/tems-dataspace.eu\/es\/objetivos\/\",\"name\":\"OBJETIVOS - Tems\",\"isPartOf\":{\"@id\":\"https:\/\/tems-dataspace.eu\/es\/#website\"},\"datePublished\":\"2024-03-22T16:03:47+00:00\",\"dateModified\":\"2024-05-18T11:33:36+00:00\",\"breadcrumb\":{\"@id\":\"https:\/\/tems-dataspace.eu\/es\/objetivos\/#breadcrumb\"},\"inLanguage\":\"es\",\"potentialAction\":[{\"@type\":\"ReadAction\",\"target\":[\"https:\/\/tems-dataspace.eu\/es\/objetivos\/\"]}]},{\"@type\":\"BreadcrumbList\",\"@id\":\"https:\/\/tems-dataspace.eu\/es\/objetivos\/#breadcrumb\",\"itemListElement\":[{\"@type\":\"ListItem\",\"position\":1,\"name\":\"Portada\",\"item\":\"https:\/\/tems-dataspace.eu\/es\/\"},{\"@type\":\"ListItem\",\"position\":2,\"name\":\"OBJETIVOS\"}]},{\"@type\":\"WebSite\",\"@id\":\"https:\/\/tems-dataspace.eu\/es\/#website\",\"url\":\"https:\/\/tems-dataspace.eu\/es\/\",\"name\":\"Tems\",\"description\":\"Trusted European Media Data Space\",\"publisher\":{\"@id\":\"https:\/\/tems-dataspace.eu\/es\/#organization\"},\"potentialAction\":[{\"@type\":\"SearchAction\",\"target\":{\"@type\":\"EntryPoint\",\"urlTemplate\":\"https:\/\/tems-dataspace.eu\/es\/?s={search_term_string}\"},\"query-input\":\"required name=search_term_string\"}],\"inLanguage\":\"es\"},{\"@type\":\"Organization\",\"@id\":\"https:\/\/tems-dataspace.eu\/es\/#organization\",\"name\":\"Tems\",\"url\":\"https:\/\/tems-dataspace.eu\/es\/\",\"logo\":{\"@type\":\"ImageObject\",\"inLanguage\":\"es\",\"@id\":\"https:\/\/tems-dataspace.eu\/es\/#\/schema\/logo\/image\/\",\"url\":\"https:\/\/tems-dataspace.eu\/wp-content\/uploads\/2023\/10\/TEMS-LOGO-04.png\",\"contentUrl\":\"https:\/\/tems-dataspace.eu\/wp-content\/uploads\/2023\/10\/TEMS-LOGO-04.png\",\"width\":778,\"height\":309,\"caption\":\"Tems\"},\"image\":{\"@id\":\"https:\/\/tems-dataspace.eu\/es\/#\/schema\/logo\/image\/\"},\"sameAs\":[\"https:\/\/x.com\/tems_eu\",\"https:\/\/www.linkedin.com\/company\/tems-eu\"]}]}<\/script>\n<!-- \/ Yoast SEO plugin. -->","yoast_head_json":{"title":"OBJETIVOS - Tems","robots":{"index":"index","follow":"follow","max-snippet":"max-snippet:-1","max-image-preview":"max-image-preview:large","max-video-preview":"max-video-preview:-1"},"canonical":"https:\/\/tems-dataspace.eu\/es\/objetivos\/","og_locale":"es_ES","og_type":"article","og_title":"OBJETIVOS - Tems","og_description":"OBJETIVOSDesarrollar un espacio de datos seguro y fiable para las empresas de medios de comunicaci\u00f3n.Acelerar la transformaci\u00f3n digital e impulsar la competitividad de la industria europea de los medios de comunicaci\u00f3n.Facilitar el establecimiento de nuevas alianzas digitales entre empresas de medios de comunicaci\u00f3n para acceder a los datos y gestionarlos.Ayudar a las empresas de medios [&hellip;]","og_url":"https:\/\/tems-dataspace.eu\/es\/objetivos\/","og_site_name":"Tems","article_modified_time":"2024-05-18T11:33:36+00:00","twitter_card":"summary_large_image","twitter_site":"@tems_eu","twitter_misc":{"Tiempo de lectura":"5 minutos"},"schema":{"@context":"https:\/\/schema.org","@graph":[{"@type":"WebPage","@id":"https:\/\/tems-dataspace.eu\/es\/objetivos\/","url":"https:\/\/tems-dataspace.eu\/es\/objetivos\/","name":"OBJETIVOS - Tems","isPartOf":{"@id":"https:\/\/tems-dataspace.eu\/es\/#website"},"datePublished":"2024-03-22T16:03:47+00:00","dateModified":"2024-05-18T11:33:36+00:00","breadcrumb":{"@id":"https:\/\/tems-dataspace.eu\/es\/objetivos\/#breadcrumb"},"inLanguage":"es","potentialAction":[{"@type":"ReadAction","target":["https:\/\/tems-dataspace.eu\/es\/objetivos\/"]}]},{"@type":"BreadcrumbList","@id":"https:\/\/tems-dataspace.eu\/es\/objetivos\/#breadcrumb","itemListElement":[{"@type":"ListItem","position":1,"name":"Portada","item":"https:\/\/tems-dataspace.eu\/es\/"},{"@type":"ListItem","position":2,"name":"OBJETIVOS"}]},{"@type":"WebSite","@id":"https:\/\/tems-dataspace.eu\/es\/#website","url":"https:\/\/tems-dataspace.eu\/es\/","name":"Tems","description":"Trusted European Media Data Space","publisher":{"@id":"https:\/\/tems-dataspace.eu\/es\/#organization"},"potentialAction":[{"@type":"SearchAction","target":{"@type":"EntryPoint","urlTemplate":"https:\/\/tems-dataspace.eu\/es\/?s={search_term_string}"},"query-input":"required name=search_term_string"}],"inLanguage":"es"},{"@type":"Organization","@id":"https:\/\/tems-dataspace.eu\/es\/#organization","name":"Tems","url":"https:\/\/tems-dataspace.eu\/es\/","logo":{"@type":"ImageObject","inLanguage":"es","@id":"https:\/\/tems-dataspace.eu\/es\/#\/schema\/logo\/image\/","url":"https:\/\/tems-dataspace.eu\/wp-content\/uploads\/2023\/10\/TEMS-LOGO-04.png","contentUrl":"https:\/\/tems-dataspace.eu\/wp-content\/uploads\/2023\/10\/TEMS-LOGO-04.png","width":778,"height":309,"caption":"Tems"},"image":{"@id":"https:\/\/tems-dataspace.eu\/es\/#\/schema\/logo\/image\/"},"sameAs":["https:\/\/x.com\/tems_eu","https:\/\/www.linkedin.com\/company\/tems-eu"]}]}},"_links":{"self":[{"href":"https:\/\/tems-dataspace.eu\/es\/wp-json\/wp\/v2\/pages\/21522"}],"collection":[{"href":"https:\/\/tems-dataspace.eu\/es\/wp-json\/wp\/v2\/pages"}],"about":[{"href":"https:\/\/tems-dataspace.eu\/es\/wp-json\/wp\/v2\/types\/page"}],"author":[{"embeddable":true,"href":"https:\/\/tems-dataspace.eu\/es\/wp-json\/wp\/v2\/users\/1"}],"replies":[{"embeddable":true,"href":"https:\/\/tems-dataspace.eu\/es\/wp-json\/wp\/v2\/comments?post=21522"}],"version-history":[{"count":8,"href":"https:\/\/tems-dataspace.eu\/es\/wp-json\/wp\/v2\/pages\/21522\/revisions"}],"predecessor-version":[{"id":21557,"href":"https:\/\/tems-dataspace.eu\/es\/wp-json\/wp\/v2\/pages\/21522\/revisions\/21557"}],"wp:attachment":[{"href":"https:\/\/tems-dataspace.eu\/es\/wp-json\/wp\/v2\/media?parent=21522"}],"curies":[{"name":"wp","href":"https:\/\/api.w.org\/{rel}","templated":true}]}}