{"id":25175,"date":"2025-02-19T16:00:03","date_gmt":"2025-02-19T15:00:03","guid":{"rendered":"https:\/\/tems-dataspace.eu\/faq\/"},"modified":"2025-10-30T12:06:04","modified_gmt":"2025-10-30T11:06:04","slug":"faq","status":"publish","type":"page","link":"https:\/\/tems-dataspace.eu\/es\/faq\/","title":{"rendered":"FAQ"},"content":{"rendered":"<p>[et_pb_section fb_built=\u00bb1&#8243; custom_padding_last_edited=\u00bbon|phone\u00bb admin_label=\u00bbscope\u00bb module_id=\u00bbscope\u00bb _builder_version=\u00bb4.25.0&#8243; _module_preset=\u00bbdefault\u00bb min_height_tablet=\u00bb100vh\u00bb min_height_phone=\u00bb100vh\u00bb min_height_last_edited=\u00bbon|phone\u00bb height_tablet=\u00bb100vh\u00bb height_phone=\u00bb\u00bb height_last_edited=\u00bbon|phone\u00bb custom_margin=\u00bb||||false|false\u00bb custom_margin_tablet=\u00bb||100px||false|false\u00bb custom_margin_phone=\u00bb||-50px||false|false\u00bb custom_margin_last_edited=\u00bbon|phone\u00bb custom_padding=\u00bb||||false|false\u00bb custom_padding_tablet=\u00bb30px||30px||false|false\u00bb custom_padding_phone=\u00bb0px||0px||false|false\u00bb da_popup_slug=\u00bbscope\u00bb da_disable_devices=\u00bboff|off|off\u00bb locked=\u00bboff\u00bb global_colors_info=\u00bb{}\u00bb da_is_popup=\u00bboff\u00bb da_exit_intent=\u00bboff\u00bb da_has_close=\u00bbon\u00bb da_alt_close=\u00bboff\u00bb da_dark_close=\u00bboff\u00bb da_not_modal=\u00bbon\u00bb da_is_singular=\u00bboff\u00bb da_with_loader=\u00bboff\u00bb da_has_shadow=\u00bbon\u00bb][et_pb_row _builder_version=\u00bb4.22.2&#8243; _module_preset=\u00bbdefault\u00bb global_colors_info=\u00bb{}\u00bb][et_pb_column type=\u00bb4_4&#8243; _builder_version=\u00bb4.22.2&#8243; _module_preset=\u00bbdefault\u00bb global_colors_info=\u00bb{}\u00bb][et_pb_text _builder_version=\u00bb4.25.0&#8243; _module_preset=\u00bbdefault\u00bb header_font=\u00bb|700|||||||\u00bb header_text_color=\u00bb#000231&#8243; header_font_size=\u00bb65px\u00bb header_2_font=\u00bb|600|||||||\u00bb header_2_text_color=\u00bb#434466&#8243; header_2_font_size=\u00bb47px\u00bb text_orientation=\u00bbcenter\u00bb header_font_size_tablet=\u00bb65px\u00bb header_font_size_phone=\u00bb40px\u00bb header_font_size_last_edited=\u00bbon|phone\u00bb header_2_font_size_tablet=\u00bb50px\u00bb header_2_font_size_phone=\u00bb30px\u00bb header_2_font_size_last_edited=\u00bbon|phone\u00bb locked=\u00bboff\u00bb global_colors_info=\u00bb{}\u00bb]<\/p>\n<h1>Frequently Asked Questions<\/h1>\n<p>[\/et_pb_text][et_pb_accordion icon_color=\u00bb#ff00ff\u00bb _builder_version=\u00bb4.25.0&#8243; _module_preset=\u00bbdefault\u00bb toggle_font=\u00bbGibson|700|||||||\u00bb body_font=\u00bb|300|||||||\u00bb hover_enabled=\u00bb0&#8243; global_colors_info=\u00bb{}\u00bb sticky_enabled=\u00bb0&#8243;][et_pb_accordion_item title=\u00bb\u00bfCu\u00e1l es la naturaleza jur\u00eddica de TEMS?\u00bb open=\u00bbon\u00bb _builder_version=\u00bb4.25.0&#8243; _module_preset=\u00bbdefault\u00bb hover_enabled=\u00bb0&#8243; global_colors_info=\u00bb{}\u00bb sticky_enabled=\u00bb0&#8243;]<\/p>\n<p data-start=\"103\" data-end=\"471\">TEMS es un consorcio formado por diversas organizaciones de toda Europa, financiado por la Comisi\u00f3n Europea en el marco del programa Europa Digital. Un paquete de trabajo de Gobernanza dentro de TEMS, en colaboraci\u00f3n con los participantes del proyecto, ha determinado que su estructura y naturaleza jur\u00eddica corresponden a las de una organizaci\u00f3n sin \u00e1nimo de lucro.<\/p>\n<p><\/p>\n<p data-start=\"473\" data-end=\"661\">La constituci\u00f3n formal de TEMS est\u00e1 prevista para el segundo a\u00f1o del proyecto. Las novedades sobre este proceso se comunicar\u00e1n de manera transparente a trav\u00e9s de publicaciones en la web.<\/p>\n<p>[\/et_pb_accordion_item][et_pb_accordion_item title=\u00bb\u00bfC\u00f3mo se financia TEMS?\u00bb _builder_version=\u00bb4.25.0&#8243; _module_preset=\u00bbdefault\u00bb global_colors_info=\u00bb{}\u00bb open=\u00bboff\u00bb]<\/p>\n<p>TEMS comenz\u00f3 en octubre de 2023 como un proyecto financiado por la Comisi\u00f3n Europea (Acuerdo de Subvenci\u00f3n 101123423). Sin embargo, se desarrollar\u00e1 un modelo autosostenible para garantizar la continuidad de la iniciativa. Algunas posibilidades incluyen cuotas de asociaci\u00f3n, pago por servicio y otras fuentes de financiaci\u00f3n p\u00fablicas y privadas. El modelo de negocio de TEMS se definir\u00e1 tras la implementaci\u00f3n de los ensayos y la definici\u00f3n del modelo de gobernanza, despu\u00e9s del segundo a\u00f1o del proyecto.<\/p>\n<p>[\/et_pb_accordion_item][et_pb_accordion_item title=\u00bb\u00bfQui\u00e9n est\u00e1 detr\u00e1s de TEMS?\u00bb _builder_version=\u00bb4.25.0&#8243; _module_preset=\u00bbdefault\u00bb hover_enabled=\u00bb0&#8243; global_colors_info=\u00bb{}\u00bb open=\u00bboff\u00bb sticky_enabled=\u00bb0&#8243;]<\/p>\n<p data-pm-slice=\"1 1 []\">TEMS cuenta con el apoyo de m\u00e1s de 40 organizaciones, incluyendo empresas de medios, productores de podcasts, cadenas de televisi\u00f3n, asociaciones cinematogr\u00e1ficas, organismos internacionales, proveedores de tecnolog\u00eda, think tanks e instituciones de investigaci\u00f3n. El proyecto est\u00e1 coordinado por el Grupo Innovalia, y el Comit\u00e9 Directivo del Proyecto est\u00e1 compuesto por las principales organizaciones de medios: Innovalia, la Uni\u00f3n Europea de Radiodifusi\u00f3n (EBU), Deutsche Presse-Agentur GmbH (DPA), Austria Presse Agentur (APA), Agence France-Presse (AFP), France T\u00e9l\u00e9visions y VRT.<\/p>\n<p>[\/et_pb_accordion_item][et_pb_accordion_item title=\u00bb\u00bfQu\u00e9 desaf\u00edos t\u00e9cnicos o barreras de entrada pretende abordar TEMS?\u00bb _builder_version=\u00bb4.25.0&#8243; _module_preset=\u00bbdefault\u00bb hover_enabled=\u00bb0&#8243; global_colors_info=\u00bb{}\u00bb open=\u00bboff\u00bb sticky_enabled=\u00bb0&#8243;]<\/p>\n<ul>\n<li data-start=\"358\" data-end=\"555\">\n<p data-start=\"360\" data-end=\"555\"><strong data-start=\"360\" data-end=\"397\">Colaboraci\u00f3n interorganizacional:<\/strong> Establecer confianza entre los participantes de un data space descentralizado requiere mecanismos s\u00f3lidos de autenticaci\u00f3n, autorizaci\u00f3n y responsabilidad.<\/p>\n<\/li>\n<li data-start=\"556\" data-end=\"751\">\n<p data-start=\"558\" data-end=\"751\"><strong data-start=\"558\" data-end=\"598\">Gobernanza y confianza de los datos:<\/strong> Desarrollar herramientas que garanticen la soberan\u00eda de los datos, la trazabilidad de los mismos y el cumplimiento de pol\u00edticas dentro de la red TEMS.<\/p>\n<\/li>\n<li data-start=\"752\" data-end=\"900\">\n<p data-start=\"754\" data-end=\"900\"><strong data-start=\"754\" data-end=\"781\">Privacidad y seguridad:<\/strong> Asegurar el cumplimiento de la normativa de privacidad y proporcionar una protecci\u00f3n robusta frente a ciberamenazas.<\/p>\n<\/li>\n<li data-start=\"901\" data-end=\"1111\">\n<p data-start=\"903\" data-end=\"1111\"><strong data-start=\"903\" data-end=\"934\">Interoperabilidad de datos:<\/strong> Crear formatos de datos y vocabularios armonizados para facilitar el intercambio fluido de informaci\u00f3n y mejorar la calidad de los datos para todos los participantes de TEMS.<\/p>\n<\/li>\n<li data-start=\"1112\" data-end=\"1311\">\n<p data-start=\"1114\" data-end=\"1311\"><strong data-start=\"1114\" data-end=\"1167\">Inteligencia artificial y aprendizaje autom\u00e1tico:<\/strong> Permitir el acceso seguro a los productos de datos de TEMS para modelos de IA, manteniendo pr\u00e1cticas comerciales justas y directrices \u00e9ticas.<\/p>\n<\/li>\n<li data-start=\"1312\" data-end=\"1486\">\n<p data-start=\"1314\" data-end=\"1486\"><strong data-start=\"1314\" data-end=\"1372\">Estandarizaci\u00f3n de data spaces y marcos de referencia:<\/strong> Aprovechar est\u00e1ndares internacionales emergentes de data spaces e iniciativas clave, como IDSA, Gaia-X y Simpl.<\/p>\n<\/li>\n<li>\u00a0<\/li>\n<\/ul>\n<p>[\/et_pb_accordion_item][et_pb_accordion_item title=\u00bb\u00bfQui\u00e9n puede unirse a TEMS?\u00bb _builder_version=\u00bb4.25.0&#8243; _module_preset=\u00bbdefault\u00bb hover_enabled=\u00bb0&#8243; global_colors_info=\u00bb{}\u00bb open=\u00bboff\u00bb sticky_enabled=\u00bb0&#8243;]<\/p>\n<p>TEMS tiene previsto acoger a entidades legales de los sectores de medios y audiovisual. Hasta su constituci\u00f3n formal, la participaci\u00f3n se limita a los miembros del consorcio. Una vez institucionalizado, TEMS establecer\u00e1 criterios espec\u00edficos para nuevos participantes de acuerdo con sus estatutos. Se espera que las oportunidades para unirse se abran despu\u00e9s del segundo a\u00f1o del proyecto y se anunciar\u00e1n en la p\u00e1gina web, as\u00ed como a trav\u00e9s de nuestro bolet\u00edn informativo.<\/p>\n<p>[\/et_pb_accordion_item][et_pb_accordion_item title=\u00bb\u00bfCu\u00e1les son los impactos y beneficios sociales de TEMS?\u00bb _builder_version=\u00bb4.25.0&#8243; _module_preset=\u00bbdefault\u00bb hover_enabled=\u00bb0&#8243; global_colors_info=\u00bb{}\u00bb open=\u00bboff\u00bb sticky_enabled=\u00bb0&#8243;]<\/p>\n<ul>\n<li data-start=\"382\" data-end=\"567\"><strong data-start=\"382\" data-end=\"410\">Ganancias de eficiencia:<\/strong> Mejora de los flujos de trabajo, procesos m\u00e1s \u00e1giles, negociaciones de acuerdos m\u00e1s r\u00e1pidas, reducci\u00f3n del time-to-market y potenciales ahorros de costes.<\/li>\n<li data-start=\"570\" data-end=\"703\"><strong data-start=\"570\" data-end=\"611\">Nuevas oportunidades de monetizaci\u00f3n:<\/strong> Apertura de v\u00edas para generar ingresos adicionales para las organizaciones participantes.<\/li>\n<li data-start=\"706\" data-end=\"876\"><strong data-start=\"706\" data-end=\"746\">Soluciones tecnol\u00f3gicas innovadoras:<\/strong> Desarrollo de nuevas herramientas basadas en IA accesibles para todos los participantes, incluidas las peque\u00f1as organizaciones.<\/li>\n<li data-start=\"879\" data-end=\"998\"><strong data-start=\"879\" data-end=\"926\">Mayor distribuci\u00f3n y alcance de contenidos:<\/strong> Difusi\u00f3n m\u00e1s amplia del contenido en diversas plataformas y p\u00fablicos.<\/li>\n<li data-start=\"1001\" data-end=\"1119\"><strong data-start=\"1001\" data-end=\"1052\">Mejora de la calidad y fiabilidad de los datos:<\/strong> Incremento de la exactitud y confianza en los datos compartidos.<\/li>\n<li data-start=\"1122\" data-end=\"1239\"><strong data-start=\"1122\" data-end=\"1149\">Soberan\u00eda de los datos:<\/strong> Empoderamiento de las organizaciones para mantener el control sobre sus datos y su uso.<\/li>\n<li data-start=\"1242\" data-end=\"1378\"><strong data-start=\"1242\" data-end=\"1282\">Ampliaci\u00f3n del intercambio de datos:<\/strong> Facilitaci\u00f3n y expansi\u00f3n del intercambio de datos entre sectores y fronteras internacionales.<\/li>\n<\/ul>\n<p>[\/et_pb_accordion_item][\/et_pb_accordion][\/et_pb_column][\/et_pb_row][\/et_pb_section][et_pb_section fb_built=\u00bb1&#8243; admin_label=\u00bbPopup &#8211; #registration_manuf\u00bb module_id=\u00bbregistration_manuf\u00bb module_class=\u00bbpopup\u00bb _builder_version=\u00bb4.21.0&#8243; _module_preset=\u00bbdefault\u00bb background_color=\u00bb#f1f1f4&#8243; custom_margin=\u00bb|||0px||\u00bb da_is_popup=\u00bbon\u00bb da_popup_slug=\u00bbregistration_manuf\u00bb da_disable_devices=\u00bboff|off|off\u00bb global_colors_info=\u00bb{}\u00bb da_exit_intent=\u00bboff\u00bb da_has_close=\u00bbon\u00bb da_alt_close=\u00bboff\u00bb da_dark_close=\u00bboff\u00bb da_not_modal=\u00bbon\u00bb da_is_singular=\u00bboff\u00bb da_with_loader=\u00bboff\u00bb da_has_shadow=\u00bbon\u00bb][et_pb_row _builder_version=\u00bb4.21.0&#8243; _module_preset=\u00bbdefault\u00bb max_width=\u00bb920px\u00bb module_alignment=\u00bbcenter\u00bb global_colors_info=\u00bb{}\u00bb][et_pb_column type=\u00bb4_4&#8243; _builder_version=\u00bb4.21.0&#8243; _module_preset=\u00bbdefault\u00bb global_colors_info=\u00bb{}\u00bb][et_pb_text _builder_version=\u00bb4.21.0&#8243; _module_preset=\u00bbdefault\u00bb header_2_font=\u00bb|600|||||||\u00bb header_2_text_color=\u00bb#434466&#8243; header_2_font_size=\u00bb47px\u00bb text_orientation=\u00bbcenter\u00bb header_2_font_size_tablet=\u00bb50px\u00bb header_2_font_size_phone=\u00bb30px\u00bb header_2_font_size_last_edited=\u00bbon|phone\u00bb global_colors_info=\u00bb{}\u00bb]<\/p>\n<h2>Formulario de inscripci\u00f3n<\/h2>\n<p>[\/et_pb_text][et_pb_text module_id=\u00bbform_event\u00bb _builder_version=\u00bb4.21.0&#8243; _module_preset=\u00bbdefault\u00bb width=\u00bb90%\u00bb module_alignment=\u00bbcenter\u00bb global_colors_info=\u00bb{}\u00bb]<\/p>\n\n<div class=\"wpcf7 no-js\" id=\"wpcf7-f17832-o1\" lang=\"en-US\" dir=\"ltr\">\n<div class=\"screen-reader-response\"><p role=\"status\" aria-live=\"polite\" aria-atomic=\"true\"><\/p> <ul><\/ul><\/div>\n<form action=\"\/es\/wp-json\/wp\/v2\/pages\/25175#wpcf7-f17832-o1\" method=\"post\" class=\"wpcf7-form init\" aria-label=\"Contact form\" novalidate=\"novalidate\" data-status=\"init\">\n<div style=\"display: none;\">\n<input type=\"hidden\" name=\"_wpcf7\" value=\"17832\" \/>\n<input type=\"hidden\" name=\"_wpcf7_version\" value=\"5.9.3\" \/>\n<input type=\"hidden\" name=\"_wpcf7_locale\" value=\"en_US\" \/>\n<input type=\"hidden\" name=\"_wpcf7_unit_tag\" value=\"wpcf7-f17832-o1\" \/>\n<input type=\"hidden\" name=\"_wpcf7_container_post\" value=\"0\" \/>\n<input type=\"hidden\" name=\"_wpcf7_posted_data_hash\" value=\"\" \/>\n<input type=\"hidden\" name=\"_wpcf7_recaptcha_response\" value=\"\" \/>\n<\/div>\n<p><label> Full name<br \/>\n<span class=\"wpcf7-form-control-wrap\" data-name=\"your-name\"><input size=\"40\" class=\"wpcf7-form-control wpcf7-text wpcf7-validates-as-required\" autocomplete=\"name\" aria-required=\"true\" aria-invalid=\"false\" value=\"\" type=\"text\" name=\"your-name\" \/><\/span> <\/label>\n<\/p>\n<p><label> Email<br \/>\n<span class=\"wpcf7-form-control-wrap\" data-name=\"your-email\"><input size=\"40\" class=\"wpcf7-form-control wpcf7-email wpcf7-validates-as-required wpcf7-text wpcf7-validates-as-email\" autocomplete=\"email\" aria-required=\"true\" aria-invalid=\"false\" value=\"\" type=\"email\" name=\"your-email\" \/><\/span> <\/label>\n<\/p>\n<p><label> Phone number<br \/>\n<span class=\"wpcf7-form-control-wrap\" data-name=\"tel-819\"><input size=\"40\" class=\"wpcf7-form-control wpcf7-tel wpcf7-text wpcf7-validates-as-tel\" autocomplete=\"phone\" aria-invalid=\"false\" value=\"\" type=\"tel\" name=\"tel-819\" \/><\/span> <\/label>\n<\/p>\n<p><label> Company<br \/>\n<span class=\"wpcf7-form-control-wrap\" data-name=\"text-company\"><input size=\"40\" class=\"wpcf7-form-control wpcf7-text wpcf7-validates-as-required\" autocomplete=\"name\" aria-required=\"true\" aria-invalid=\"false\" value=\"\" type=\"text\" name=\"text-company\" \/><\/span> <\/label>\n<\/p>\n<p><label> Food restrictions<br \/>\n<span class=\"wpcf7-form-control-wrap\" data-name=\"text-food\"><input size=\"40\" class=\"wpcf7-form-control wpcf7-text\" autocomplete=\"name\" aria-invalid=\"false\" value=\"\" type=\"text\" name=\"text-food\" \/><\/span> <\/label>\n<\/p>\n<p><span class=\"wpcf7-form-control-wrap\" data-name=\"acceptance-465\"><span class=\"wpcf7-form-control wpcf7-acceptance\"><span class=\"wpcf7-list-item\"><input type=\"checkbox\" name=\"acceptance-465\" value=\"1\" aria-invalid=\"false\" \/><\/span><\/span><\/span> I have read and accept the privacy policy\n<\/p>\n<p><input class=\"wpcf7-form-control wpcf7-submit has-spinner\" type=\"submit\" value=\"Send\" \/>\n<\/p><div class=\"wpcf7-response-output\" aria-hidden=\"true\"><\/div>\n<\/form>\n<\/div>\n\n<p>[\/et_pb_text][\/et_pb_column][\/et_pb_row][\/et_pb_section]<\/p>\n","protected":false},"excerpt":{"rendered":"<p>Frequently Asked QuestionsTEMS es un consorcio formado por diversas organizaciones de toda Europa, financiado por la Comisi\u00f3n Europea en el marco del programa Europa Digital. Un paquete de trabajo de Gobernanza dentro de TEMS, en colaboraci\u00f3n con los participantes del proyecto, ha determinado que su estructura y naturaleza jur\u00eddica corresponden a las de una organizaci\u00f3n [&hellip;]<\/p>\n","protected":false},"author":1,"featured_media":0,"parent":0,"menu_order":0,"comment_status":"closed","ping_status":"closed","template":"","meta":{"_et_pb_use_builder":"on","_et_pb_old_content":"","_et_gb_content_width":"","footnotes":""},"yoast_head":"<!-- This site is optimized with the Yoast SEO plugin v22.5 - https:\/\/yoast.com\/wordpress\/plugins\/seo\/ -->\n<title>FAQ - Tems<\/title>\n<meta name=\"robots\" content=\"index, follow, max-snippet:-1, max-image-preview:large, max-video-preview:-1\" \/>\n<link rel=\"canonical\" href=\"https:\/\/tems-dataspace.eu\/es\/faq\/\" \/>\n<meta property=\"og:locale\" content=\"es_ES\" \/>\n<meta property=\"og:type\" content=\"article\" \/>\n<meta property=\"og:title\" content=\"FAQ - Tems\" \/>\n<meta property=\"og:description\" content=\"Frequently Asked QuestionsTEMS es un consorcio formado por diversas organizaciones de toda Europa, financiado por la Comisi\u00f3n Europea en el marco del programa Europa Digital. Un paquete de trabajo de Gobernanza dentro de TEMS, en colaboraci\u00f3n con los participantes del proyecto, ha determinado que su estructura y naturaleza jur\u00eddica corresponden a las de una organizaci\u00f3n [&hellip;]\" \/>\n<meta property=\"og:url\" content=\"https:\/\/tems-dataspace.eu\/es\/faq\/\" \/>\n<meta property=\"og:site_name\" content=\"Tems\" \/>\n<meta property=\"article:modified_time\" content=\"2025-10-30T11:06:04+00:00\" \/>\n<meta name=\"twitter:card\" content=\"summary_large_image\" \/>\n<meta name=\"twitter:site\" content=\"@tems_eu\" \/>\n<meta name=\"twitter:label1\" content=\"Tiempo de lectura\" \/>\n\t<meta name=\"twitter:data1\" content=\"7 minutos\" \/>\n<script type=\"application\/ld+json\" class=\"yoast-schema-graph\">{\"@context\":\"https:\/\/schema.org\",\"@graph\":[{\"@type\":\"WebPage\",\"@id\":\"https:\/\/tems-dataspace.eu\/es\/faq\/\",\"url\":\"https:\/\/tems-dataspace.eu\/es\/faq\/\",\"name\":\"FAQ - Tems\",\"isPartOf\":{\"@id\":\"https:\/\/tems-dataspace.eu\/es\/#website\"},\"datePublished\":\"2025-02-19T15:00:03+00:00\",\"dateModified\":\"2025-10-30T11:06:04+00:00\",\"breadcrumb\":{\"@id\":\"https:\/\/tems-dataspace.eu\/es\/faq\/#breadcrumb\"},\"inLanguage\":\"es\",\"potentialAction\":[{\"@type\":\"ReadAction\",\"target\":[\"https:\/\/tems-dataspace.eu\/es\/faq\/\"]}]},{\"@type\":\"BreadcrumbList\",\"@id\":\"https:\/\/tems-dataspace.eu\/es\/faq\/#breadcrumb\",\"itemListElement\":[{\"@type\":\"ListItem\",\"position\":1,\"name\":\"Portada\",\"item\":\"https:\/\/tems-dataspace.eu\/es\/\"},{\"@type\":\"ListItem\",\"position\":2,\"name\":\"FAQ\"}]},{\"@type\":\"WebSite\",\"@id\":\"https:\/\/tems-dataspace.eu\/es\/#website\",\"url\":\"https:\/\/tems-dataspace.eu\/es\/\",\"name\":\"Tems\",\"description\":\"Trusted European Media Data Space\",\"publisher\":{\"@id\":\"https:\/\/tems-dataspace.eu\/es\/#organization\"},\"potentialAction\":[{\"@type\":\"SearchAction\",\"target\":{\"@type\":\"EntryPoint\",\"urlTemplate\":\"https:\/\/tems-dataspace.eu\/es\/?s={search_term_string}\"},\"query-input\":\"required name=search_term_string\"}],\"inLanguage\":\"es\"},{\"@type\":\"Organization\",\"@id\":\"https:\/\/tems-dataspace.eu\/es\/#organization\",\"name\":\"Tems\",\"url\":\"https:\/\/tems-dataspace.eu\/es\/\",\"logo\":{\"@type\":\"ImageObject\",\"inLanguage\":\"es\",\"@id\":\"https:\/\/tems-dataspace.eu\/es\/#\/schema\/logo\/image\/\",\"url\":\"https:\/\/tems-dataspace.eu\/wp-content\/uploads\/2023\/10\/TEMS-LOGO-04.png\",\"contentUrl\":\"https:\/\/tems-dataspace.eu\/wp-content\/uploads\/2023\/10\/TEMS-LOGO-04.png\",\"width\":778,\"height\":309,\"caption\":\"Tems\"},\"image\":{\"@id\":\"https:\/\/tems-dataspace.eu\/es\/#\/schema\/logo\/image\/\"},\"sameAs\":[\"https:\/\/x.com\/tems_eu\",\"https:\/\/www.linkedin.com\/company\/tems-eu\"]}]}<\/script>\n<!-- \/ Yoast SEO plugin. -->","yoast_head_json":{"title":"FAQ - Tems","robots":{"index":"index","follow":"follow","max-snippet":"max-snippet:-1","max-image-preview":"max-image-preview:large","max-video-preview":"max-video-preview:-1"},"canonical":"https:\/\/tems-dataspace.eu\/es\/faq\/","og_locale":"es_ES","og_type":"article","og_title":"FAQ - Tems","og_description":"Frequently Asked QuestionsTEMS es un consorcio formado por diversas organizaciones de toda Europa, financiado por la Comisi\u00f3n Europea en el marco del programa Europa Digital. Un paquete de trabajo de Gobernanza dentro de TEMS, en colaboraci\u00f3n con los participantes del proyecto, ha determinado que su estructura y naturaleza jur\u00eddica corresponden a las de una organizaci\u00f3n [&hellip;]","og_url":"https:\/\/tems-dataspace.eu\/es\/faq\/","og_site_name":"Tems","article_modified_time":"2025-10-30T11:06:04+00:00","twitter_card":"summary_large_image","twitter_site":"@tems_eu","twitter_misc":{"Tiempo de lectura":"7 minutos"},"schema":{"@context":"https:\/\/schema.org","@graph":[{"@type":"WebPage","@id":"https:\/\/tems-dataspace.eu\/es\/faq\/","url":"https:\/\/tems-dataspace.eu\/es\/faq\/","name":"FAQ - Tems","isPartOf":{"@id":"https:\/\/tems-dataspace.eu\/es\/#website"},"datePublished":"2025-02-19T15:00:03+00:00","dateModified":"2025-10-30T11:06:04+00:00","breadcrumb":{"@id":"https:\/\/tems-dataspace.eu\/es\/faq\/#breadcrumb"},"inLanguage":"es","potentialAction":[{"@type":"ReadAction","target":["https:\/\/tems-dataspace.eu\/es\/faq\/"]}]},{"@type":"BreadcrumbList","@id":"https:\/\/tems-dataspace.eu\/es\/faq\/#breadcrumb","itemListElement":[{"@type":"ListItem","position":1,"name":"Portada","item":"https:\/\/tems-dataspace.eu\/es\/"},{"@type":"ListItem","position":2,"name":"FAQ"}]},{"@type":"WebSite","@id":"https:\/\/tems-dataspace.eu\/es\/#website","url":"https:\/\/tems-dataspace.eu\/es\/","name":"Tems","description":"Trusted European Media Data Space","publisher":{"@id":"https:\/\/tems-dataspace.eu\/es\/#organization"},"potentialAction":[{"@type":"SearchAction","target":{"@type":"EntryPoint","urlTemplate":"https:\/\/tems-dataspace.eu\/es\/?s={search_term_string}"},"query-input":"required name=search_term_string"}],"inLanguage":"es"},{"@type":"Organization","@id":"https:\/\/tems-dataspace.eu\/es\/#organization","name":"Tems","url":"https:\/\/tems-dataspace.eu\/es\/","logo":{"@type":"ImageObject","inLanguage":"es","@id":"https:\/\/tems-dataspace.eu\/es\/#\/schema\/logo\/image\/","url":"https:\/\/tems-dataspace.eu\/wp-content\/uploads\/2023\/10\/TEMS-LOGO-04.png","contentUrl":"https:\/\/tems-dataspace.eu\/wp-content\/uploads\/2023\/10\/TEMS-LOGO-04.png","width":778,"height":309,"caption":"Tems"},"image":{"@id":"https:\/\/tems-dataspace.eu\/es\/#\/schema\/logo\/image\/"},"sameAs":["https:\/\/x.com\/tems_eu","https:\/\/www.linkedin.com\/company\/tems-eu"]}]}},"_links":{"self":[{"href":"https:\/\/tems-dataspace.eu\/es\/wp-json\/wp\/v2\/pages\/25175"}],"collection":[{"href":"https:\/\/tems-dataspace.eu\/es\/wp-json\/wp\/v2\/pages"}],"about":[{"href":"https:\/\/tems-dataspace.eu\/es\/wp-json\/wp\/v2\/types\/page"}],"author":[{"embeddable":true,"href":"https:\/\/tems-dataspace.eu\/es\/wp-json\/wp\/v2\/users\/1"}],"replies":[{"embeddable":true,"href":"https:\/\/tems-dataspace.eu\/es\/wp-json\/wp\/v2\/comments?post=25175"}],"version-history":[{"count":5,"href":"https:\/\/tems-dataspace.eu\/es\/wp-json\/wp\/v2\/pages\/25175\/revisions"}],"predecessor-version":[{"id":25180,"href":"https:\/\/tems-dataspace.eu\/es\/wp-json\/wp\/v2\/pages\/25175\/revisions\/25180"}],"wp:attachment":[{"href":"https:\/\/tems-dataspace.eu\/es\/wp-json\/wp\/v2\/media?parent=25175"}],"curies":[{"name":"wp","href":"https:\/\/api.w.org\/{rel}","templated":true}]}}