{"id":21525,"date":"2024-03-22T17:03:47","date_gmt":"2024-03-22T16:03:47","guid":{"rendered":"https:\/\/tems-dataspace.eu\/objectifs\/"},"modified":"2024-05-18T09:37:56","modified_gmt":"2024-05-18T07:37:56","slug":"objectifs","status":"publish","type":"page","link":"https:\/\/tems-dataspace.eu\/fr\/objectifs\/","title":{"rendered":"OBJECTIFS"},"content":{"rendered":"<p>[et_pb_section fb_built=\u00a0\u00bb1&Prime; custom_padding_last_edited=\u00a0\u00bbon|phone\u00a0\u00bb disabled_on=\u00a0\u00bboff|off|off\u00a0\u00bb admin_label=\u00a0\u00bbSection\u00a0\u00bb module_id=\u00a0\u00bbobjectives\u00a0\u00bb _builder_version=\u00a0\u00bb4.22.2&Prime; _module_preset=\u00a0\u00bbdefault\u00a0\u00bb min_height=\u00a0\u00bb100vh\u00a0\u00bb height_tablet=\u00a0\u00bb100vh\u00a0\u00bb height_phone=\u00a0\u00bb100vh\u00a0\u00bb height_last_edited=\u00a0\u00bbon|phone\u00a0\u00bb custom_margin=\u00a0\u00bb||||false|false\u00a0\u00bb custom_margin_tablet=\u00a0\u00bb||180px||false|false\u00a0\u00bb custom_margin_phone=\u00a0\u00bb||||false|false\u00a0\u00bb custom_margin_last_edited=\u00a0\u00bbon|phone\u00a0\u00bb custom_padding=\u00a0\u00bb||9px||false|false\u00a0\u00bb custom_padding_tablet=\u00a0\u00bb||||false|false\u00a0\u00bb custom_padding_phone=\u00a0\u00bb||100vh||false|false\u00a0\u00bb da_popup_slug=\u00a0\u00bbobjectives\u00a0\u00bb da_disable_devices=\u00a0\u00bboff|off|off\u00a0\u00bb locked=\u00a0\u00bboff\u00a0\u00bb global_colors_info=\u00a0\u00bb{}\u00a0\u00bb da_is_popup=\u00a0\u00bboff\u00a0\u00bb da_exit_intent=\u00a0\u00bboff\u00a0\u00bb da_has_close=\u00a0\u00bbon\u00a0\u00bb da_alt_close=\u00a0\u00bboff\u00a0\u00bb da_dark_close=\u00a0\u00bboff\u00a0\u00bb da_not_modal=\u00a0\u00bbon\u00a0\u00bb da_is_singular=\u00a0\u00bboff\u00a0\u00bb da_with_loader=\u00a0\u00bboff\u00a0\u00bb da_has_shadow=\u00a0\u00bbon\u00a0\u00bb][et_pb_row _builder_version=\u00a0\u00bb4.21.0&Prime; _module_preset=\u00a0\u00bbdefault\u00a0\u00bb max_width=\u00a0\u00bb920px\u00a0\u00bb module_alignment=\u00a0\u00bbcenter\u00a0\u00bb global_colors_info=\u00a0\u00bb{}\u00a0\u00bb][et_pb_column type=\u00a0\u00bb4_4&Prime; _builder_version=\u00a0\u00bb4.21.0&Prime; _module_preset=\u00a0\u00bbdefault\u00a0\u00bb global_colors_info=\u00a0\u00bb{}\u00a0\u00bb][et_pb_text _builder_version=\u00a0\u00bb4.22.2&Prime; _module_preset=\u00a0\u00bbdefault\u00a0\u00bb header_font=\u00a0\u00bb|700|||||||\u00a0\u00bb header_text_color=\u00a0\u00bb#000231&Prime; header_font_size=\u00a0\u00bb65px\u00a0\u00bb header_2_font=\u00a0\u00bb|600|||||||\u00a0\u00bb header_2_text_color=\u00a0\u00bb#434466&Prime; header_2_font_size=\u00a0\u00bb47px\u00a0\u00bb text_orientation=\u00a0\u00bbcenter\u00a0\u00bb header_font_size_tablet=\u00a0\u00bb65px\u00a0\u00bb header_font_size_phone=\u00a0\u00bb40px\u00a0\u00bb header_font_size_last_edited=\u00a0\u00bbon|phone\u00a0\u00bb header_2_font_size_tablet=\u00a0\u00bb50px\u00a0\u00bb header_2_font_size_phone=\u00a0\u00bb30px\u00a0\u00bb header_2_font_size_last_edited=\u00a0\u00bbon|phone\u00a0\u00bb global_colors_info=\u00a0\u00bb{}\u00a0\u00bb]<\/p>\n<h1>OBJECTIFS<\/h1>\n<p>[\/et_pb_text][\/et_pb_column][\/et_pb_row][et_pb_row column_structure=\u00a0\u00bb1_3,1_3,1_3&Prime; make_equal=\u00a0\u00bbon\u00a0\u00bb _builder_version=\u00a0\u00bb4.22.2&Prime; _module_preset=\u00a0\u00bbdefault\u00a0\u00bb max_width=\u00a0\u00bb1200px\u00a0\u00bb custom_padding=\u00a0\u00bb||8px|||\u00a0\u00bb global_colors_info=\u00a0\u00bb{}\u00a0\u00bb][et_pb_column type=\u00a0\u00bb1_3&Prime; _builder_version=\u00a0\u00bb4.22.2&Prime; _module_preset=\u00a0\u00bbdefault\u00a0\u00bb global_colors_info=\u00a0\u00bb{}\u00a0\u00bb][et_pb_blurb image=\u00a0\u00bbhttps:\/\/tems-dataspace.eu\/wp-content\/uploads\/2023\/11\/automatic.png\u00a0\u00bb image_icon_width=\u00a0\u00bb50%\u00a0\u00bb _builder_version=\u00a0\u00bb4.22.2&Prime; _module_preset=\u00a0\u00bbdefault\u00a0\u00bb body_text_color=\u00a0\u00bb#000231&Prime; body_font_size=\u00a0\u00bb24px\u00a0\u00bb body_line_height=\u00a0\u00bb1.3em\u00a0\u00bb global_colors_info=\u00a0\u00bb{}\u00a0\u00bb]<\/p>\n<p>D\u00e9velopper un espace de donn\u00e9es s\u00fbr et fiable pour les organisations du secteur des m\u00e9dias<\/p>\n<p>[\/et_pb_blurb][\/et_pb_column][et_pb_column type=\u00a0\u00bb1_3&Prime; _builder_version=\u00a0\u00bb4.22.2&Prime; _module_preset=\u00a0\u00bbdefault\u00a0\u00bb global_colors_info=\u00a0\u00bb{}\u00a0\u00bb][et_pb_blurb image=\u00a0\u00bbhttps:\/\/tems-dataspace.eu\/wp-content\/uploads\/2023\/11\/handshake.png\u00a0\u00bb image_icon_width=\u00a0\u00bb50%\u00a0\u00bb _builder_version=\u00a0\u00bb4.22.2&Prime; _module_preset=\u00a0\u00bbdefault\u00a0\u00bb body_text_color=\u00a0\u00bb#000231&Prime; body_font_size=\u00a0\u00bb24px\u00a0\u00bb body_line_height=\u00a0\u00bb1.3em\u00a0\u00bb global_colors_info=\u00a0\u00bb{}\u00a0\u00bb]<\/p>\n<p>Acc\u00e9l\u00e9rer la transformation num\u00e9rique et stimuler la comp\u00e9titivit\u00e9 de l&rsquo;industrie europ\u00e9enne des m\u00e9dias<\/p>\n<p>[\/et_pb_blurb][\/et_pb_column][et_pb_column type=\u00a0\u00bb1_3&Prime; _builder_version=\u00a0\u00bb4.22.2&Prime; _module_preset=\u00a0\u00bbdefault\u00a0\u00bb global_colors_info=\u00a0\u00bb{}\u00a0\u00bb][et_pb_blurb image=\u00a0\u00bbhttps:\/\/tems-dataspace.eu\/wp-content\/uploads\/2023\/11\/arrow.png\u00a0\u00bb image_icon_width=\u00a0\u00bb50%\u00a0\u00bb _builder_version=\u00a0\u00bb4.22.2&Prime; _module_preset=\u00a0\u00bbdefault\u00a0\u00bb body_text_color=\u00a0\u00bb#000231&Prime; body_font_size=\u00a0\u00bb24px\u00a0\u00bb body_line_height=\u00a0\u00bb1.3em\u00a0\u00bb global_colors_info=\u00a0\u00bb{}\u00a0\u00bb]<\/p>\n<p>Faciliter l&rsquo;\u00e9tablissement de nouvelles alliances entre les acteurs de m\u00e9dias pour acc\u00e9der et g\u00e9rer les donn\u00e9es<\/p>\n<p>[\/et_pb_blurb][\/et_pb_column][\/et_pb_row][et_pb_row column_structure=\u00a0\u00bb1_3,1_3,1_3&Prime; make_equal=\u00a0\u00bbon\u00a0\u00bb custom_padding_last_edited=\u00a0\u00bbon|desktop\u00a0\u00bb _builder_version=\u00a0\u00bb4.22.2&Prime; _module_preset=\u00a0\u00bbdefault\u00a0\u00bb max_width=\u00a0\u00bb1200px\u00a0\u00bb custom_padding=\u00a0\u00bb10px|||||\u00a0\u00bb custom_padding_tablet=\u00a0\u00bb10px|||||\u00a0\u00bb custom_padding_phone=\u00a0\u00bb10px||50px||false|false\u00a0\u00bb global_colors_info=\u00a0\u00bb{}\u00a0\u00bb][et_pb_column type=\u00a0\u00bb1_3&Prime; _builder_version=\u00a0\u00bb4.22.2&Prime; _module_preset=\u00a0\u00bbdefault\u00a0\u00bb global_colors_info=\u00a0\u00bb{}\u00a0\u00bb][et_pb_blurb image=\u00a0\u00bbhttps:\/\/tems-dataspace.eu\/wp-content\/uploads\/2023\/11\/approval.png\u00a0\u00bb image_icon_width=\u00a0\u00bb50%\u00a0\u00bb _builder_version=\u00a0\u00bb4.22.2&Prime; _module_preset=\u00a0\u00bbdefault\u00a0\u00bb body_text_color=\u00a0\u00bb#000231&Prime; body_font_size=\u00a0\u00bb24px\u00a0\u00bb body_line_height=\u00a0\u00bb1.3em\u00a0\u00bb global_colors_info=\u00a0\u00bb{}\u00a0\u00bb]<\/p>\n<p>Aider les professionnels des m\u00e9dia \u00e0 lutter contre la d\u00e9sinformation et \u00e0 am\u00e9liorer leur approche de l&rsquo;analyse de l&rsquo;audience<\/p>\n<p>[\/et_pb_blurb][\/et_pb_column][et_pb_column type=\u00a0\u00bb1_3&Prime; _builder_version=\u00a0\u00bb4.22.2&Prime; _module_preset=\u00a0\u00bbdefault\u00a0\u00bb global_colors_info=\u00a0\u00bb{}\u00a0\u00bb][et_pb_blurb image=\u00a0\u00bbhttps:\/\/tems-dataspace.eu\/wp-content\/uploads\/2023\/11\/network.png\u00a0\u00bb image_icon_width=\u00a0\u00bb50%\u00a0\u00bb _builder_version=\u00a0\u00bb4.22.2&Prime; _module_preset=\u00a0\u00bbdefault\u00a0\u00bb body_text_color=\u00a0\u00bb#000231&Prime; body_font_size=\u00a0\u00bb24px\u00a0\u00bb body_line_height=\u00a0\u00bb1.3em\u00a0\u00bb global_colors_info=\u00a0\u00bb{}\u00a0\u00bb]<\/p>\n<p>Soutenir le devoir et le r\u00f4le des entreprises acteurs des m\u00e9dias en mati\u00e8re d&rsquo;information du public, de divertissement et d&rsquo;\u00e9ducation<\/p>\n<p>[\/et_pb_blurb][\/et_pb_column][et_pb_column type=\u00a0\u00bb1_3&Prime; _builder_version=\u00a0\u00bb4.22.2&Prime; _module_preset=\u00a0\u00bbdefault\u00a0\u00bb global_colors_info=\u00a0\u00bb{}\u00a0\u00bb][et_pb_blurb image=\u00a0\u00bbhttps:\/\/tems-dataspace.eu\/wp-content\/uploads\/2023\/11\/accept.png\u00a0\u00bb image_icon_width=\u00a0\u00bb50%\u00a0\u00bb _builder_version=\u00a0\u00bb4.22.2&Prime; _module_preset=\u00a0\u00bbdefault\u00a0\u00bb body_text_color=\u00a0\u00bb#000231&Prime; body_font_size=\u00a0\u00bb24px\u00a0\u00bb body_line_height=\u00a0\u00bb1.3em\u00a0\u00bb global_colors_info=\u00a0\u00bb{}\u00a0\u00bb]<\/p>\n<p>Soutenir l&rsquo;adoption des technologies de l&rsquo;IA et de la r\u00e9alit\u00e9 virtuelle de mani\u00e8re \u00e9thique<\/p>\n<p>[\/et_pb_blurb][\/et_pb_column][\/et_pb_row][\/et_pb_section][et_pb_section fb_built=\u00a0\u00bb1&Prime; admin_label=\u00a0\u00bbPopup &#8211; #registration_manuf\u00a0\u00bb module_id=\u00a0\u00bbregistration_manuf\u00a0\u00bb module_class=\u00a0\u00bbpopup\u00a0\u00bb _builder_version=\u00a0\u00bb4.21.0&Prime; _module_preset=\u00a0\u00bbdefault\u00a0\u00bb background_color=\u00a0\u00bb#f1f1f4&Prime; custom_margin=\u00a0\u00bb|||0px||\u00a0\u00bb da_is_popup=\u00a0\u00bbon\u00a0\u00bb da_popup_slug=\u00a0\u00bbregistration_manuf\u00a0\u00bb da_disable_devices=\u00a0\u00bboff|off|off\u00a0\u00bb global_colors_info=\u00a0\u00bb{}\u00a0\u00bb da_exit_intent=\u00a0\u00bboff\u00a0\u00bb da_has_close=\u00a0\u00bbon\u00a0\u00bb da_alt_close=\u00a0\u00bboff\u00a0\u00bb da_dark_close=\u00a0\u00bboff\u00a0\u00bb da_not_modal=\u00a0\u00bbon\u00a0\u00bb da_is_singular=\u00a0\u00bboff\u00a0\u00bb da_with_loader=\u00a0\u00bboff\u00a0\u00bb da_has_shadow=\u00a0\u00bbon\u00a0\u00bb][et_pb_row _builder_version=\u00a0\u00bb4.21.0&Prime; _module_preset=\u00a0\u00bbdefault\u00a0\u00bb max_width=\u00a0\u00bb920px\u00a0\u00bb module_alignment=\u00a0\u00bbcenter\u00a0\u00bb global_colors_info=\u00a0\u00bb{}\u00a0\u00bb][et_pb_column type=\u00a0\u00bb4_4&Prime; _builder_version=\u00a0\u00bb4.21.0&Prime; _module_preset=\u00a0\u00bbdefault\u00a0\u00bb global_colors_info=\u00a0\u00bb{}\u00a0\u00bb][et_pb_text _builder_version=\u00a0\u00bb4.21.0&Prime; _module_preset=\u00a0\u00bbdefault\u00a0\u00bb header_2_font=\u00a0\u00bb|600|||||||\u00a0\u00bb header_2_text_color=\u00a0\u00bb#434466&Prime; header_2_font_size=\u00a0\u00bb47px\u00a0\u00bb text_orientation=\u00a0\u00bbcenter\u00a0\u00bb header_2_font_size_tablet=\u00a0\u00bb50px\u00a0\u00bb header_2_font_size_phone=\u00a0\u00bb30px\u00a0\u00bb header_2_font_size_last_edited=\u00a0\u00bbon|phone\u00a0\u00bb global_colors_info=\u00a0\u00bb{}\u00a0\u00bb]<\/p>\n<h2>Formulaire d&rsquo;inscription<\/h2>\n<p>[\/et_pb_text][et_pb_text module_id=\u00a0\u00bbform_event\u00a0\u00bb _builder_version=\u00a0\u00bb4.21.0&Prime; _module_preset=\u00a0\u00bbdefault\u00a0\u00bb width=\u00a0\u00bb90%\u00a0\u00bb module_alignment=\u00a0\u00bbcenter\u00a0\u00bb global_colors_info=\u00a0\u00bb{}\u00a0\u00bb]<\/p>\n\n<div class=\"wpcf7 no-js\" id=\"wpcf7-f17832-o1\" lang=\"en-US\" dir=\"ltr\">\n<div class=\"screen-reader-response\"><p role=\"status\" aria-live=\"polite\" aria-atomic=\"true\"><\/p> <ul><\/ul><\/div>\n<form action=\"\/fr\/wp-json\/wp\/v2\/pages\/21525#wpcf7-f17832-o1\" method=\"post\" class=\"wpcf7-form init\" aria-label=\"Contact form\" novalidate=\"novalidate\" data-status=\"init\">\n<div style=\"display: none;\">\n<input type=\"hidden\" name=\"_wpcf7\" value=\"17832\" \/>\n<input type=\"hidden\" name=\"_wpcf7_version\" value=\"5.9.3\" \/>\n<input type=\"hidden\" name=\"_wpcf7_locale\" value=\"en_US\" \/>\n<input type=\"hidden\" name=\"_wpcf7_unit_tag\" value=\"wpcf7-f17832-o1\" \/>\n<input type=\"hidden\" name=\"_wpcf7_container_post\" value=\"0\" \/>\n<input type=\"hidden\" name=\"_wpcf7_posted_data_hash\" value=\"\" \/>\n<input type=\"hidden\" name=\"_wpcf7_recaptcha_response\" value=\"\" \/>\n<\/div>\n<p><label> Full name<br \/>\n<span class=\"wpcf7-form-control-wrap\" data-name=\"your-name\"><input size=\"40\" class=\"wpcf7-form-control wpcf7-text wpcf7-validates-as-required\" autocomplete=\"name\" aria-required=\"true\" aria-invalid=\"false\" value=\"\" type=\"text\" name=\"your-name\" \/><\/span> <\/label>\n<\/p>\n<p><label> Email<br \/>\n<span class=\"wpcf7-form-control-wrap\" data-name=\"your-email\"><input size=\"40\" class=\"wpcf7-form-control wpcf7-email wpcf7-validates-as-required wpcf7-text wpcf7-validates-as-email\" autocomplete=\"email\" aria-required=\"true\" aria-invalid=\"false\" value=\"\" type=\"email\" name=\"your-email\" \/><\/span> <\/label>\n<\/p>\n<p><label> Phone number<br \/>\n<span class=\"wpcf7-form-control-wrap\" data-name=\"tel-819\"><input size=\"40\" class=\"wpcf7-form-control wpcf7-tel wpcf7-text wpcf7-validates-as-tel\" autocomplete=\"phone\" aria-invalid=\"false\" value=\"\" type=\"tel\" name=\"tel-819\" \/><\/span> <\/label>\n<\/p>\n<p><label> Company<br \/>\n<span class=\"wpcf7-form-control-wrap\" data-name=\"text-company\"><input size=\"40\" class=\"wpcf7-form-control wpcf7-text wpcf7-validates-as-required\" autocomplete=\"name\" aria-required=\"true\" aria-invalid=\"false\" value=\"\" type=\"text\" name=\"text-company\" \/><\/span> <\/label>\n<\/p>\n<p><label> Food restrictions<br \/>\n<span class=\"wpcf7-form-control-wrap\" data-name=\"text-food\"><input size=\"40\" class=\"wpcf7-form-control wpcf7-text\" autocomplete=\"name\" aria-invalid=\"false\" value=\"\" type=\"text\" name=\"text-food\" \/><\/span> <\/label>\n<\/p>\n<p><span class=\"wpcf7-form-control-wrap\" data-name=\"acceptance-465\"><span class=\"wpcf7-form-control wpcf7-acceptance\"><span class=\"wpcf7-list-item\"><input type=\"checkbox\" name=\"acceptance-465\" value=\"1\" aria-invalid=\"false\" \/><\/span><\/span><\/span> I have read and accept the privacy policy\n<\/p>\n<p><input class=\"wpcf7-form-control wpcf7-submit has-spinner\" type=\"submit\" value=\"Send\" \/>\n<\/p><div class=\"wpcf7-response-output\" aria-hidden=\"true\"><\/div>\n<\/form>\n<\/div>\n\n<p>[\/et_pb_text][\/et_pb_column][\/et_pb_row][\/et_pb_section]<\/p>\n","protected":false},"excerpt":{"rendered":"<p>OBJECTIFSD\u00e9velopper un espace de donn\u00e9es s\u00fbr et fiable pour les organisations du secteur des m\u00e9diasAcc\u00e9l\u00e9rer la transformation num\u00e9rique et stimuler la comp\u00e9titivit\u00e9 de l&rsquo;industrie europ\u00e9enne des m\u00e9diasFaciliter l&rsquo;\u00e9tablissement de nouvelles alliances entre les acteurs de m\u00e9dias pour acc\u00e9der et g\u00e9rer les donn\u00e9esAider les professionnels des m\u00e9dia \u00e0 lutter contre la d\u00e9sinformation et \u00e0 am\u00e9liorer leur [&hellip;]<\/p>\n","protected":false},"author":1,"featured_media":0,"parent":0,"menu_order":0,"comment_status":"closed","ping_status":"closed","template":"","meta":{"_et_pb_use_builder":"on","_et_pb_old_content":"","_et_gb_content_width":"","footnotes":""},"yoast_head":"<!-- This site is optimized with the Yoast SEO plugin v22.5 - https:\/\/yoast.com\/wordpress\/plugins\/seo\/ -->\n<title>OBJECTIFS - Tems<\/title>\n<meta name=\"robots\" content=\"index, follow, max-snippet:-1, max-image-preview:large, max-video-preview:-1\" \/>\n<link rel=\"canonical\" href=\"https:\/\/tems-dataspace.eu\/fr\/objectifs\/\" \/>\n<meta property=\"og:locale\" content=\"fr_FR\" \/>\n<meta property=\"og:type\" content=\"article\" \/>\n<meta property=\"og:title\" content=\"OBJECTIFS - Tems\" \/>\n<meta property=\"og:description\" content=\"OBJECTIFSD\u00e9velopper un espace de donn\u00e9es s\u00fbr et fiable pour les organisations du secteur des m\u00e9diasAcc\u00e9l\u00e9rer la transformation num\u00e9rique et stimuler la comp\u00e9titivit\u00e9 de l&#039;industrie europ\u00e9enne des m\u00e9diasFaciliter l&#039;\u00e9tablissement de nouvelles alliances entre les acteurs de m\u00e9dias pour acc\u00e9der et g\u00e9rer les donn\u00e9esAider les professionnels des m\u00e9dia \u00e0 lutter contre la d\u00e9sinformation et \u00e0 am\u00e9liorer leur [&hellip;]\" \/>\n<meta property=\"og:url\" content=\"https:\/\/tems-dataspace.eu\/fr\/objectifs\/\" \/>\n<meta property=\"og:site_name\" content=\"Tems\" \/>\n<meta property=\"article:modified_time\" content=\"2024-05-18T07:37:56+00:00\" \/>\n<meta name=\"twitter:card\" content=\"summary_large_image\" \/>\n<meta name=\"twitter:site\" content=\"@tems_eu\" \/>\n<meta name=\"twitter:label1\" content=\"Est. reading time\" \/>\n\t<meta name=\"twitter:data1\" content=\"5 minutes\" \/>\n<script type=\"application\/ld+json\" class=\"yoast-schema-graph\">{\"@context\":\"https:\/\/schema.org\",\"@graph\":[{\"@type\":\"WebPage\",\"@id\":\"https:\/\/tems-dataspace.eu\/fr\/objectifs\/\",\"url\":\"https:\/\/tems-dataspace.eu\/fr\/objectifs\/\",\"name\":\"OBJECTIFS - Tems\",\"isPartOf\":{\"@id\":\"https:\/\/tems-dataspace.eu\/fr\/#website\"},\"datePublished\":\"2024-03-22T16:03:47+00:00\",\"dateModified\":\"2024-05-18T07:37:56+00:00\",\"breadcrumb\":{\"@id\":\"https:\/\/tems-dataspace.eu\/fr\/objectifs\/#breadcrumb\"},\"inLanguage\":\"fr-FR\",\"potentialAction\":[{\"@type\":\"ReadAction\",\"target\":[\"https:\/\/tems-dataspace.eu\/fr\/objectifs\/\"]}]},{\"@type\":\"BreadcrumbList\",\"@id\":\"https:\/\/tems-dataspace.eu\/fr\/objectifs\/#breadcrumb\",\"itemListElement\":[{\"@type\":\"ListItem\",\"position\":1,\"name\":\"Portada\",\"item\":\"https:\/\/tems-dataspace.eu\/fr\/\"},{\"@type\":\"ListItem\",\"position\":2,\"name\":\"OBJECTIFS\"}]},{\"@type\":\"WebSite\",\"@id\":\"https:\/\/tems-dataspace.eu\/fr\/#website\",\"url\":\"https:\/\/tems-dataspace.eu\/fr\/\",\"name\":\"Tems\",\"description\":\"Trusted European Media Data Space\",\"publisher\":{\"@id\":\"https:\/\/tems-dataspace.eu\/fr\/#organization\"},\"potentialAction\":[{\"@type\":\"SearchAction\",\"target\":{\"@type\":\"EntryPoint\",\"urlTemplate\":\"https:\/\/tems-dataspace.eu\/fr\/?s={search_term_string}\"},\"query-input\":\"required name=search_term_string\"}],\"inLanguage\":\"fr-FR\"},{\"@type\":\"Organization\",\"@id\":\"https:\/\/tems-dataspace.eu\/fr\/#organization\",\"name\":\"Tems\",\"url\":\"https:\/\/tems-dataspace.eu\/fr\/\",\"logo\":{\"@type\":\"ImageObject\",\"inLanguage\":\"fr-FR\",\"@id\":\"https:\/\/tems-dataspace.eu\/fr\/#\/schema\/logo\/image\/\",\"url\":\"https:\/\/tems-dataspace.eu\/wp-content\/uploads\/2023\/10\/TEMS-LOGO-04.png\",\"contentUrl\":\"https:\/\/tems-dataspace.eu\/wp-content\/uploads\/2023\/10\/TEMS-LOGO-04.png\",\"width\":778,\"height\":309,\"caption\":\"Tems\"},\"image\":{\"@id\":\"https:\/\/tems-dataspace.eu\/fr\/#\/schema\/logo\/image\/\"},\"sameAs\":[\"https:\/\/x.com\/tems_eu\",\"https:\/\/www.linkedin.com\/company\/tems-eu\"]}]}<\/script>\n<!-- \/ Yoast SEO plugin. -->","yoast_head_json":{"title":"OBJECTIFS - Tems","robots":{"index":"index","follow":"follow","max-snippet":"max-snippet:-1","max-image-preview":"max-image-preview:large","max-video-preview":"max-video-preview:-1"},"canonical":"https:\/\/tems-dataspace.eu\/fr\/objectifs\/","og_locale":"fr_FR","og_type":"article","og_title":"OBJECTIFS - Tems","og_description":"OBJECTIFSD\u00e9velopper un espace de donn\u00e9es s\u00fbr et fiable pour les organisations du secteur des m\u00e9diasAcc\u00e9l\u00e9rer la transformation num\u00e9rique et stimuler la comp\u00e9titivit\u00e9 de l'industrie europ\u00e9enne des m\u00e9diasFaciliter l'\u00e9tablissement de nouvelles alliances entre les acteurs de m\u00e9dias pour acc\u00e9der et g\u00e9rer les donn\u00e9esAider les professionnels des m\u00e9dia \u00e0 lutter contre la d\u00e9sinformation et \u00e0 am\u00e9liorer leur [&hellip;]","og_url":"https:\/\/tems-dataspace.eu\/fr\/objectifs\/","og_site_name":"Tems","article_modified_time":"2024-05-18T07:37:56+00:00","twitter_card":"summary_large_image","twitter_site":"@tems_eu","twitter_misc":{"Est. reading time":"5 minutes"},"schema":{"@context":"https:\/\/schema.org","@graph":[{"@type":"WebPage","@id":"https:\/\/tems-dataspace.eu\/fr\/objectifs\/","url":"https:\/\/tems-dataspace.eu\/fr\/objectifs\/","name":"OBJECTIFS - Tems","isPartOf":{"@id":"https:\/\/tems-dataspace.eu\/fr\/#website"},"datePublished":"2024-03-22T16:03:47+00:00","dateModified":"2024-05-18T07:37:56+00:00","breadcrumb":{"@id":"https:\/\/tems-dataspace.eu\/fr\/objectifs\/#breadcrumb"},"inLanguage":"fr-FR","potentialAction":[{"@type":"ReadAction","target":["https:\/\/tems-dataspace.eu\/fr\/objectifs\/"]}]},{"@type":"BreadcrumbList","@id":"https:\/\/tems-dataspace.eu\/fr\/objectifs\/#breadcrumb","itemListElement":[{"@type":"ListItem","position":1,"name":"Portada","item":"https:\/\/tems-dataspace.eu\/fr\/"},{"@type":"ListItem","position":2,"name":"OBJECTIFS"}]},{"@type":"WebSite","@id":"https:\/\/tems-dataspace.eu\/fr\/#website","url":"https:\/\/tems-dataspace.eu\/fr\/","name":"Tems","description":"Trusted European Media Data Space","publisher":{"@id":"https:\/\/tems-dataspace.eu\/fr\/#organization"},"potentialAction":[{"@type":"SearchAction","target":{"@type":"EntryPoint","urlTemplate":"https:\/\/tems-dataspace.eu\/fr\/?s={search_term_string}"},"query-input":"required name=search_term_string"}],"inLanguage":"fr-FR"},{"@type":"Organization","@id":"https:\/\/tems-dataspace.eu\/fr\/#organization","name":"Tems","url":"https:\/\/tems-dataspace.eu\/fr\/","logo":{"@type":"ImageObject","inLanguage":"fr-FR","@id":"https:\/\/tems-dataspace.eu\/fr\/#\/schema\/logo\/image\/","url":"https:\/\/tems-dataspace.eu\/wp-content\/uploads\/2023\/10\/TEMS-LOGO-04.png","contentUrl":"https:\/\/tems-dataspace.eu\/wp-content\/uploads\/2023\/10\/TEMS-LOGO-04.png","width":778,"height":309,"caption":"Tems"},"image":{"@id":"https:\/\/tems-dataspace.eu\/fr\/#\/schema\/logo\/image\/"},"sameAs":["https:\/\/x.com\/tems_eu","https:\/\/www.linkedin.com\/company\/tems-eu"]}]}},"_links":{"self":[{"href":"https:\/\/tems-dataspace.eu\/fr\/wp-json\/wp\/v2\/pages\/21525"}],"collection":[{"href":"https:\/\/tems-dataspace.eu\/fr\/wp-json\/wp\/v2\/pages"}],"about":[{"href":"https:\/\/tems-dataspace.eu\/fr\/wp-json\/wp\/v2\/types\/page"}],"author":[{"embeddable":true,"href":"https:\/\/tems-dataspace.eu\/fr\/wp-json\/wp\/v2\/users\/1"}],"replies":[{"embeddable":true,"href":"https:\/\/tems-dataspace.eu\/fr\/wp-json\/wp\/v2\/comments?post=21525"}],"version-history":[{"count":2,"href":"https:\/\/tems-dataspace.eu\/fr\/wp-json\/wp\/v2\/pages\/21525\/revisions"}],"predecessor-version":[{"id":21527,"href":"https:\/\/tems-dataspace.eu\/fr\/wp-json\/wp\/v2\/pages\/21525\/revisions\/21527"}],"wp:attachment":[{"href":"https:\/\/tems-dataspace.eu\/fr\/wp-json\/wp\/v2\/media?parent=21525"}],"curies":[{"name":"wp","href":"https:\/\/api.w.org\/{rel}","templated":true}]}}